{"id":2073,"date":"2022-07-15T10:45:37","date_gmt":"2022-07-15T08:45:37","guid":{"rendered":"https:\/\/tulas.eu\/?page_id=2073"},"modified":"2022-07-15T10:45:38","modified_gmt":"2022-07-15T08:45:38","slug":"dostawa-i-platnosc","status":"publish","type":"page","link":"https:\/\/tulas.eu\/pl\/dostawa-i-platnosc\/","title":{"rendered":"dostawa i p\u0142atno\u015b\u0107"},"content":{"rendered":"\n<h3 class=\"wp-block-heading\">Dostawa<\/h3>\n\n\n\n<p>Czas realizacji zam\u00f3wienia jest podany na stronie internetowej sklepu przy ka\u017cdym produkcie. Zazwyczaj wynosi on od 1 do 5 dni roboczych. W zale\u017cno\u015bci od specyfiki danego produktu \u2013 czy jest on r\u0119cznie robiony lub przygotowany na specjalne zam\u00f3wienie \u2013 ten czas mo\u017ce si\u0119 wyd\u0142u\u017cy\u0107. Czas realizacji zam\u00f3wienia jest podany przy finalizacji zakupu.<\/p>\n\n\n\n<p>Przesy\u0142ka do Polski<\/p>\n\n\n\n<p>Zam\u00f3wienia wysy\u0142amy kurierem FEDEX z gwarancj\u0105 dostarczenia w nast\u0119pnym dniu roboczym mi\u0119dzy 8 a 18. W przypadku wi\u0119kszych zam\u00f3wie\u0144 spos\u00f3b wysy\u0142ki i jej koszt s\u0105 ustalane indywidualnie.<\/p>\n\n\n\n<p>Przesy\u0142ka mi\u0119dzynarodowa<\/p>\n\n\n\n<p>Realizujemy zam\u00f3wienia z dostaw\u0105 do wi\u0119kszo\u015bci kraj\u00f3w:<\/p>\n\n\n\n<figure class=\"wp-block-table\"><table><tbody><tr><td>Strefa 1: \u00a0 \u00a0<\/td><td>Polska<br>1-2 dni, 5 EUR<\/td><\/tr><tr><td> Strefa  2:<\/td><td>Niemcy, Czechy<br>2-5  dni, 10 EUR<\/td><\/tr><tr><td> Strefa  3:<\/td><td>Austria, Belgia, Dania, Francja, W\u0119gry, Irlandia, Hiszpania, Holandia, W\u0142ochy, Portugalia<br>2-5  dni, 20 EUR<\/td><\/tr><tr><td> Strefa  4:<\/td><td>Wielka Brytania, Szwecja<br>2-5  dni, 25 EUR<\/td><\/tr><tr><td> Strefa  5:<\/td><td>Norwegia, Szwajcaria<br>5-7  dni, 35 EUR<\/td><\/tr><tr><td> Strefa  6:<\/td><td>USA<br>4  dni, 60 EUR<\/td><\/tr><\/tbody><\/table><\/figure>\n\n\n\n<p>Je\u017celi chcesz z\u0142o\u017cy\u0107 zam\u00f3wienie z dostaw\u0105 do innego kraju lub masz jakiekolwiek pytania, prosimy o kontakt pod adresem: dechy@tulas.pl<\/p>\n\n\n\n<h3 class=\"wp-block-heading\">p\u0142atno\u015bci<\/h3>\n\n\n\n<p>Za produkty zakupione w naszym sklepie internetowym mo\u017cna zap\u0142aci\u0107 poprzez PayPal (za pomoc\u0105 konta PayPal lub karty kredytowej\/debetowej), a tak\u017ce przez system Przelewy24.  Przelewy24 to bezpieczna i bezp\u0142atna metoda realizacji przelew\u00f3w internetowych obejmuj\u0105ca wi\u0119kszo\u015b\u0107 polskich bank\u00f3w, karty kredytowe i internetowe, a tak\u017ce umo\u017cliwiaj\u0105ca realizacj\u0119 przelewu tradycyjnego poprzez wybranie ikony przelewu tradycyjnego z menu  Przelewy24 . Numer konta firmy EasySoftware, w\u0142a\u015bciciela sklepu i marki TU LAS: Alior Bank: 95 2490 0005 0000 4600 5312 7071\u00a0<\/p>\n","protected":false},"excerpt":{"rendered":"<p>Dostawa Czas realizacji zam\u00f3wienia jest podany na stronie internetowej sklepu przy ka\u017cdym produkcie. Zazwyczaj wynosi on od 1 do 5 dni roboczych. W zale\u017cno\u015bci od specyfiki danego produktu \u2013 czy jest on r\u0119cznie robiony lub przygotowany na specjalne zam\u00f3wienie \u2013 ten czas mo\u017ce si\u0119 wyd\u0142u\u017cy\u0107. Czas realizacji zam\u00f3wienia jest podany przy finalizacji zakupu. Przesy\u0142ka do [&hellip;]<\/p>\n","protected":false},"author":5,"featured_media":0,"parent":0,"menu_order":0,"comment_status":"closed","ping_status":"closed","template":"","meta":{"footnotes":""},"class_list":["post-2073","page","type-page","status-publish","hentry"],"_links":{"self":[{"href":"https:\/\/tulas.eu\/pl\/wp-json\/wp\/v2\/pages\/2073","targetHints":{"allow":["GET"]}}],"collection":[{"href":"https:\/\/tulas.eu\/pl\/wp-json\/wp\/v2\/pages"}],"about":[{"href":"https:\/\/tulas.eu\/pl\/wp-json\/wp\/v2\/types\/page"}],"author":[{"embeddable":true,"href":"https:\/\/tulas.eu\/pl\/wp-json\/wp\/v2\/users\/5"}],"replies":[{"embeddable":true,"href":"https:\/\/tulas.eu\/pl\/wp-json\/wp\/v2\/comments?post=2073"}],"version-history":[{"count":4,"href":"https:\/\/tulas.eu\/pl\/wp-json\/wp\/v2\/pages\/2073\/revisions"}],"predecessor-version":[{"id":2077,"href":"https:\/\/tulas.eu\/pl\/wp-json\/wp\/v2\/pages\/2073\/revisions\/2077"}],"wp:attachment":[{"href":"https:\/\/tulas.eu\/pl\/wp-json\/wp\/v2\/media?parent=2073"}],"curies":[{"name":"wp","href":"https:\/\/api.w.org\/{rel}","templated":true}]}}