{"id":2086,"date":"2022-07-20T21:13:22","date_gmt":"2022-07-20T19:13:22","guid":{"rendered":"https:\/\/tulas.eu\/?page_id=2086"},"modified":"2022-08-03T15:17:36","modified_gmt":"2022-08-03T13:17:36","slug":"zwroty-i-reklamacje","status":"publish","type":"page","link":"https:\/\/tulas.eu\/pl\/zwroty-i-reklamacje\/","title":{"rendered":"zwroty i reklamacje"},"content":{"rendered":"\n<h3 class=\"wp-block-heading\">procedura zwrotu<\/h3>\n\n\n\n<p>Produkty zakupione za po\u015brednictwem naszego sklepu internetowego podlegaj\u0105 zwrotowi przy zachowaniu nast\u0119puj\u0105cych zasad:<\/p>\n\n\n\n<p>1. Od umowy sprzeda\u017cy mo\u017cna odst\u0105pi\u0107 w terminie do 14 dni od daty otrzymania przesy\u0142ki.<\/p>\n\n\n\n<p>2. Przed zwrotem paczki prosimy o wype\u0142nienie poni\u017cszego formularza zwrotu lub poinformowanie nas w formie pisemnej (np. e-mailem) o zamiarze odst\u0105pienia od umowy.<\/p>\n\n\n\n<p>3. Nadanie przesy\u0142ki zwrotnej powinno nast\u0105pi\u0107 w terminie do 14 dni od przes\u0142ania formularza zwrotu lub poinformowania nas o zamiarze odst\u0105pienia od umowy.<\/p>\n\n\n\n<p>4. Zwracane produkty nie mog\u0105 nosi\u0107 \u015blad\u00f3w monta\u017cu lub u\u017cytkowania. Nale\u017cy je odes\u0142a\u0107 w oryginalnym opakowaniu wraz z kompletem dodatkowych akcesori\u00f3w (zestawy monta\u017cowe, instrukcje itd.).<\/p>\n\n\n\n<p>5. Do paczki nale\u017cy do\u0142\u0105czy\u0107 dow\u00f3d zakupu.<\/p>\n\n\n\n<p>6. Zwrot \u015brodk\u00f3w nast\u0105pi w terminie 5 dni roboczych od momentu otrzymania przez nas przesy\u0142ki zwrotnej, na numer konta podany w formularzu. . Nie przyjmujemy przesy\u0142ek za pobraniem.<\/p>\n\n\n\n<p>7. Zwracane produkty nale\u017cy odpowiednio zabezpieczy\u0107. Odpowiedzialno\u015b\u0107 za wszelkie uszkodzenia wynik\u0142e z nieodpowiedniego zabezpieczenia przesy\u0142ki ponosi Klient.<\/p>\n\n\n\n<p>8. Prawu zwrotu nie podlegaj\u0105 towary wyprodukowane na specjalne zam\u00f3wienie Klienta, np. towary o niestandardowych wymiarach czy metodzie monta\u017cu oraz produkty personalizowane.<\/p>\n\n\n\n<p>9. Paczk\u0119 zwrotn\u0105 nale\u017cy odes\u0142a\u0107 na poni\u017cszy adres:<\/p>\n\n\n\n<p>TU LAS<\/p>\n\n\n\n<p>Broniewskiego 57<\/p>\n\n\n\n<p>05-510 Chylice, woj. mazowieckie<\/p>\n\n\n\n<p class=\"btn btn-default btn-sm btn-returns has-black-color has-text-color\"><a href=\"\/odstapienie-od-umowy\" data-type=\"URL\" data-id=\"\/odstapienie-od-umowy\" target=\"_blank\" rel=\"noreferrer noopener\">FORMULARZ ZWROTU<\/a><\/p>\n\n\n\n<h3 class=\"wp-block-heading\">procedura reklamacji<\/h3>\n\n\n\n<p>Je\u017celi zakupione produkty nie s\u0105 zgodne z informacjami opublikowanymi na naszej stronie internetowej, prosimy o zg\u0142oszenie reklamacji. W tym celu nale\u017cy wype\u0142ni\u0107 poni\u017cszy formularz.<\/p>\n\n\n\n<p class=\"btn btn-default btn-sm btn-returns has-black-color has-text-color\"><a href=\"https:\/\/tulas.eu\/pl\/formularz-reklamacji\/\" data-type=\"page\" data-id=\"2059\" target=\"_blank\" rel=\"noreferrer noopener\">FORMULARZ REKLAMACJI<\/a><\/p>\n","protected":false},"excerpt":{"rendered":"<p>procedura zwrotu Produkty zakupione za po\u015brednictwem naszego sklepu internetowego podlegaj\u0105 zwrotowi przy zachowaniu nast\u0119puj\u0105cych zasad: 1. Od umowy sprzeda\u017cy mo\u017cna odst\u0105pi\u0107 w terminie do 14 dni od daty otrzymania przesy\u0142ki. 2. Przed zwrotem paczki prosimy o wype\u0142nienie poni\u017cszego formularza zwrotu lub poinformowanie nas w formie pisemnej (np. e-mailem) o zamiarze odst\u0105pienia od umowy. 3. Nadanie [&hellip;]<\/p>\n","protected":false},"author":5,"featured_media":0,"parent":0,"menu_order":0,"comment_status":"closed","ping_status":"closed","template":"","meta":{"footnotes":""},"class_list":["post-2086","page","type-page","status-publish","hentry"],"_links":{"self":[{"href":"https:\/\/tulas.eu\/pl\/wp-json\/wp\/v2\/pages\/2086","targetHints":{"allow":["GET"]}}],"collection":[{"href":"https:\/\/tulas.eu\/pl\/wp-json\/wp\/v2\/pages"}],"about":[{"href":"https:\/\/tulas.eu\/pl\/wp-json\/wp\/v2\/types\/page"}],"author":[{"embeddable":true,"href":"https:\/\/tulas.eu\/pl\/wp-json\/wp\/v2\/users\/5"}],"replies":[{"embeddable":true,"href":"https:\/\/tulas.eu\/pl\/wp-json\/wp\/v2\/comments?post=2086"}],"version-history":[{"count":3,"href":"https:\/\/tulas.eu\/pl\/wp-json\/wp\/v2\/pages\/2086\/revisions"}],"predecessor-version":[{"id":2101,"href":"https:\/\/tulas.eu\/pl\/wp-json\/wp\/v2\/pages\/2086\/revisions\/2101"}],"wp:attachment":[{"href":"https:\/\/tulas.eu\/pl\/wp-json\/wp\/v2\/media?parent=2086"}],"curies":[{"name":"wp","href":"https:\/\/api.w.org\/{rel}","templated":true}]}}