{"id":1952,"date":"2021-08-10T11:23:41","date_gmt":"2021-08-10T09:23:41","guid":{"rendered":"https:\/\/tulas.eu\/product\/colle-miedziany-haczyk-tu-las-x-plankton\/"},"modified":"2023-12-20T10:42:59","modified_gmt":"2023-12-20T09:42:59","slug":"mosiezny-haczyk-colle-tu-las-x-plankton","status":"publish","type":"product","link":"https:\/\/tulas.eu\/pl\/produkt\/mosiezny-haczyk-colle-tu-las-x-plankton\/","title":{"rendered":"Mosi\u0119\u017cny haczyk COLLE, TU LAS x PLANKTON"},"content":{"rendered":"<p>Powiesisz na nim swoje deski do krojenia WINGS. To spos\u00f3b, by wyeksponowa\u0107 ich inspirowany natur\u0105 design, jednocze\u015bnie oszcz\u0119dzaj\u0105c miejsce na blacie kuchennym.<\/p>\n<p>Haczyk powsta\u0142 we wsp\u00f3\u0142pracy z mark\u0105 Plankton dla domu. Wykonany z mosi\u0105dzu i bakelitu. W komplecie ko\u0142ek monta\u017cowy.<\/p>\n","protected":false},"excerpt":{"rendered":"<p>Powiesisz na nim swoje deski do krojenia WINGS. To spos\u00f3b, by wyeksponowa\u0107 ich inspirowany natur\u0105 design, jednocze\u015bnie oszcz\u0119dzaj\u0105c miejsce na blacie kuchennym. Haczyk powsta\u0142 we wsp\u00f3\u0142pracy z mark\u0105 Plankton dla domu. Wykonany z mosi\u0105dzu i bakelitu. W komplecie ko\u0142ek monta\u017cowy.<\/p>\n","protected":false},"featured_media":1941,"template":"","meta":[],"product_cat":[62],"product_tag":[],"class_list":["post-1952","product","type-product","status-publish","has-post-thumbnail","hentry","product_cat-wings-pl"],"_links":{"self":[{"href":"https:\/\/tulas.eu\/pl\/wp-json\/wp\/v2\/product\/1952","targetHints":{"allow":["GET"]}}],"collection":[{"href":"https:\/\/tulas.eu\/pl\/wp-json\/wp\/v2\/product"}],"about":[{"href":"https:\/\/tulas.eu\/pl\/wp-json\/wp\/v2\/types\/product"}],"wp:featuredmedia":[{"embeddable":true,"href":"https:\/\/tulas.eu\/pl\/wp-json\/wp\/v2\/media\/1941"}],"wp:attachment":[{"href":"https:\/\/tulas.eu\/pl\/wp-json\/wp\/v2\/media?parent=1952"}],"wp:term":[{"taxonomy":"product_cat","embeddable":true,"href":"https:\/\/tulas.eu\/pl\/wp-json\/wp\/v2\/product_cat?post=1952"},{"taxonomy":"product_tag","embeddable":true,"href":"https:\/\/tulas.eu\/pl\/wp-json\/wp\/v2\/product_tag?post=1952"}],"curies":[{"name":"wp","href":"https:\/\/api.w.org\/{rel}","templated":true}]}}