{"id":1955,"date":"2021-07-05T12:30:04","date_gmt":"2022-06-13T11:05:18","guid":{"rendered":"https:\/\/tulas.eu\/?post_type=product&#038;p=1955"},"modified":"2022-06-13T14:46:29","modified_gmt":"2022-06-13T12:46:29","slug":"talerze-best-zestaw-3-kwadratowych-talerzy-opalany-czarny-jesion","status":"publish","type":"product","link":"https:\/\/tulas.eu\/pl\/produkt\/talerze-best-zestaw-3-kwadratowych-talerzy-opalany-czarny-jesion\/","title":{"rendered":"Talerze BEST, zestaw 3 kwadratowych talerzy, opalany (czarny) jesion"},"content":{"rendered":"<p>Minimalistyczne i uniwersalne, sprawdz\u0105 si\u0119 na ka\u017cd\u0105 okazj\u0119 \u2013 czy to szybkie poniedzia\u0142kowe \u015bniadanie, czy serwowanie wyszukanych antipasti na wieczornym przyj\u0119ciu. Idealne do dzielenia si\u0119 jedzeniem i rado\u015bci\u0105. Ich geometryczne kszta\u0142ty inspiruj\u0105 do tworzenia wyj\u0105tkowych aran\u017cacji sto\u0142u.<\/p>\n<p>Ka\u017cdy talerz BEST jest wykonany z pojedynczego bloku drewna, co zapewnia trwa\u0142o\u015b\u0107. Nast\u0119pnie talerze z pieczo\u0142owito\u015bci\u0105, r\u0119cznie zabezpieczamy najwy\u017cszej jako\u015bci olejem przeznaczonym do kontaktu z \u017cywno\u015bci\u0105.<\/p>\n<p><!--more--><\/p>\n<h2>wymiary:<\/h2>\n<p>kwadratowy: 27 x 27 cm<br \/>\ndost\u0119pne r\u00f3wnie\u017c: okr\u0105g\u0142y: 25 cm (\u015brednica), pod\u0142u\u017cny: 12 x 43 cm<\/p>\n<h2>materia\u0142y:<\/h2>\n<p>Lity jesion, opalany zgodnie z Shou Sugi Ban, tradycyjn\u0105 japo\u0144sk\u0105 technik\u0105 stosowan\u0105 do wyka\u0144czania i konserwacji drewna. Po opaleniu drewno szczotkujemy, by wydoby\u0107 jego niepowtarzaln\u0105 struktur\u0119. Nast\u0119pnie zabezpieczamy je wysokiej jako\u015bci olejem ro\u015blinnym, aby uzyska\u0107 g\u0142\u0119boki matowy odcie\u0144 czerni. Zjawiskowy i niepowtarzalny efekt.<\/p>\n<h2>piel\u0119gnacja:<\/h2>\n<p>Talerze BEST nie s\u0105 przeznaczone do mycia w zmywarce. Zalecamy ostro\u017cne mycie r\u0119czne. Nie nara\u017ca\u0107 na d\u0142ugotrwa\u0142y kontakt z wod\u0105. Po ka\u017cdym u\u017cyciu wytrze\u0107 i osuszy\u0107.<\/p>\n<h2>wa\u017cne informacje:<\/h2>\n<p>TU LAS pracuje wy\u0142\u0105cznie z drewnem naturalnym, dlatego ka\u017cdy egzemplarz produktu jest wyj\u0105tkowy i jedyny w swoim rodzaju. Uwielbiamy nieregularne, nieco chaotyczne us\u0142ojenie, delikatne p\u0119kni\u0119cia i kapry\u015bne s\u0119ki. Je\u015bli wolisz, aby twoje drewno mia\u0142o bardziej przewidywalny, spokojny charakter, napisz do nas, sprawdzimy, co mo\u017cemy zaproponowa\u0107.<\/p>\n","protected":false},"excerpt":{"rendered":"<p>Minimalistyczne i uniwersalne, sprawdz\u0105 si\u0119 na ka\u017cd\u0105 okazj\u0119 \u2013 czy to szybkie poniedzia\u0142kowe \u015bniadanie, czy serwowanie wyszukanych antipasti na wieczornym przyj\u0119ciu. Idealne do dzielenia si\u0119 jedzeniem i rado\u015bci\u0105. Ich geometryczne kszta\u0142ty inspiruj\u0105 do tworzenia wyj\u0105tkowych aran\u017cacji sto\u0142u. Ka\u017cdy talerz BEST jest wykonany z pojedynczego bloku drewna, co zapewnia trwa\u0142o\u015b\u0107. Nast\u0119pnie talerze z pieczo\u0142owito\u015bci\u0105, r\u0119cznie zabezpieczamy [&hellip;]<\/p>\n","protected":false},"featured_media":1083,"template":"","meta":[],"product_cat":[66,69],"product_tag":[],"class_list":["post-1955","product","type-product","status-publish","has-post-thumbnail","hentry","product_cat-burned-ash-black-pl","product_cat-best-plate-pl"],"_links":{"self":[{"href":"https:\/\/tulas.eu\/pl\/wp-json\/wp\/v2\/product\/1955","targetHints":{"allow":["GET"]}}],"collection":[{"href":"https:\/\/tulas.eu\/pl\/wp-json\/wp\/v2\/product"}],"about":[{"href":"https:\/\/tulas.eu\/pl\/wp-json\/wp\/v2\/types\/product"}],"wp:featuredmedia":[{"embeddable":true,"href":"https:\/\/tulas.eu\/pl\/wp-json\/wp\/v2\/media\/1083"}],"wp:attachment":[{"href":"https:\/\/tulas.eu\/pl\/wp-json\/wp\/v2\/media?parent=1955"}],"wp:term":[{"taxonomy":"product_cat","embeddable":true,"href":"https:\/\/tulas.eu\/pl\/wp-json\/wp\/v2\/product_cat?post=1955"},{"taxonomy":"product_tag","embeddable":true,"href":"https:\/\/tulas.eu\/pl\/wp-json\/wp\/v2\/product_tag?post=1955"}],"curies":[{"name":"wp","href":"https:\/\/api.w.org\/{rel}","templated":true}]}}