{"id":1958,"date":"2021-08-10T11:19:44","date_gmt":"2021-08-10T09:19:44","guid":{"rendered":"https:\/\/tulas.eu\/product\/wings-zestaw-2-desek-dab\/"},"modified":"2022-07-20T20:48:59","modified_gmt":"2022-07-20T18:48:59","slug":"wings-zestaw-2-desek-dab","status":"publish","type":"product","link":"https:\/\/tulas.eu\/pl\/produkt\/wings-zestaw-2-desek-dab\/","title":{"rendered":"WINGS &#8211; zestaw 2 d\u0119bowych desek do krojenia"},"content":{"rendered":"<p>Zestaw dw\u00f3ch desek do krojenia i serwowania z litego drewna, idealny do codziennego u\u017cytku. Deski WINGS to tak\u017ce wyj\u0105tkowa dekoracja \u015bciany <span style=\"color: #000000;\">\u2013 <\/span>powieszone razem, przywodz\u0105 na my\u015bl skrzyd\u0142a motyli. Us\u0142ojenie drewna przypomina delikatn\u0105 faktur\u0119 jednej z najdoskonalszych kreacji natury.<\/p>\n<p>Ka\u017cda deska do krojenia jest wykonana z pojedynczego bloku drewna, co zapewnia trwa\u0142o\u015b\u0107. Nast\u0119pnie deski z pieczo\u0142owito\u015bci\u0105, r\u0119cznie zabezpieczamy najwy\u017cszej jako\u015bci olejem przeznaczonym do kontaktu z \u017cywno\u015bci\u0105. Deski WINGS pakujemy w torb\u0119 z surowej bawe\u0142ny z oryginalnym nadrukiem zaprojektowanym (tak jak i same deski) przez Aleksandr\u0119 \u017beromsk\u0105.<\/p>\n<p><!--more--><\/p>\n<h2>wymiary:<\/h2>\n<p>52 x 19 cm + 52 x 29 cm<br \/>\ngrubo\u015b\u0107: 3,5 cm<\/p>\n<h2>materia\u0142y:<\/h2>\n<p>D\u0105b <span style=\"color: #000000;\">\u2013<\/span> to eleganckie drewno jest zawsze dobrym wyborem. Pasuje do wszystkich gust\u00f3w, kuchni i sto\u0142\u00f3w, niezale\u017cnie od tego, czy chodzi o bardziej wsp\u00f3\u0142czesne, skandynawskie czy tradycyjne wn\u0119trza, czy te\u017c dom w stylu boho.<\/p>\n<h2>piel\u0119gnacja:<\/h2>\n<p>Deski do krojenia WINGS nie s\u0105 przeznaczone do mycia w zmywarce. Zalecamy ostro\u017cne mycie r\u0119czne. Nie nara\u017ca\u0107 na d\u0142ugotrwa\u0142y kontakt z wod\u0105. Po ka\u017cdym u\u017cyciu wytrze\u0107 i osuszy\u0107.<\/p>\n<h2>wa\u017cne informacje:<\/h2>\n<p>TU LAS pracuje wy\u0142\u0105cznie z drewnem naturalnym, dlatego ka\u017cdy egzemplarz produktu jest wyj\u0105tkowy i jedyny w swoim rodzaju. Uwielbiamy nieregularne, nieco chaotyczne us\u0142ojenie, delikatne p\u0119kni\u0119cia i kapry\u015bne s\u0119ki. Je\u015bli wolisz, aby twoje drewno mia\u0142o bardziej przewidywalny, spokojny charakter, napisz do nas, sprawdzimy, co mamy do dyspozycji.<\/p>\n","protected":false},"excerpt":{"rendered":"<p>Zestaw dw\u00f3ch desek do krojenia i serwowania z litego drewna, idealny do codziennego u\u017cytku. Deski WINGS to tak\u017ce wyj\u0105tkowa dekoracja \u015bciany \u2013 powieszone razem, przywodz\u0105 na my\u015bl skrzyd\u0142a motyli. Us\u0142ojenie drewna przypomina delikatn\u0105 faktur\u0119 jednej z najdoskonalszych kreacji natury. Ka\u017cda deska do krojenia jest wykonana z pojedynczego bloku drewna, co zapewnia trwa\u0142o\u015b\u0107. Nast\u0119pnie deski z [&hellip;]<\/p>\n","protected":false},"featured_media":1887,"template":"","meta":[],"product_cat":[61,62],"product_tag":[],"class_list":["post-1958","product","type-product","status-publish","has-post-thumbnail","hentry","product_cat-oak-pl","product_cat-wings-pl"],"_links":{"self":[{"href":"https:\/\/tulas.eu\/pl\/wp-json\/wp\/v2\/product\/1958","targetHints":{"allow":["GET"]}}],"collection":[{"href":"https:\/\/tulas.eu\/pl\/wp-json\/wp\/v2\/product"}],"about":[{"href":"https:\/\/tulas.eu\/pl\/wp-json\/wp\/v2\/types\/product"}],"wp:featuredmedia":[{"embeddable":true,"href":"https:\/\/tulas.eu\/pl\/wp-json\/wp\/v2\/media\/1887"}],"wp:attachment":[{"href":"https:\/\/tulas.eu\/pl\/wp-json\/wp\/v2\/media?parent=1958"}],"wp:term":[{"taxonomy":"product_cat","embeddable":true,"href":"https:\/\/tulas.eu\/pl\/wp-json\/wp\/v2\/product_cat?post=1958"},{"taxonomy":"product_tag","embeddable":true,"href":"https:\/\/tulas.eu\/pl\/wp-json\/wp\/v2\/product_tag?post=1958"}],"curies":[{"name":"wp","href":"https:\/\/api.w.org\/{rel}","templated":true}]}}