{"id":1960,"date":"2021-08-10T11:13:39","date_gmt":"2022-06-13T09:23:58","guid":{"rendered":"https:\/\/tulas.eu\/?post_type=product&#038;p=1960"},"modified":"2022-07-20T20:50:50","modified_gmt":"2022-07-20T18:50:50","slug":"wings-zestaw-2-desek-drewno-owocowe","status":"publish","type":"product","link":"https:\/\/tulas.eu\/pl\/produkt\/wings-zestaw-2-desek-drewno-owocowe\/","title":{"rendered":"WINGS &#8211; zestaw 2 desek do krojenia, drewno owocowe"},"content":{"rendered":"<p>Zestaw dw\u00f3ch desek do krojenia i serwowania z litego drewna, idealny do codziennego u\u017cytku. Deski WINGS to tak\u017ce wyj\u0105tkowa dekoracja \u015bciany\u00a0\u2013\u00a0powieszone razem, przywodz\u0105 na my\u015bl skrzyd\u0142a motyli. Us\u0142ojenie drewna przypomina delikatn\u0105 faktur\u0119 jednej z najdoskonalszych kreacji natury.<\/p>\n<p>Ka\u017cda deska do krojenia jest wykonana z pojedynczego bloku drewna, co zapewnia trwa\u0142o\u015b\u0107. Nast\u0119pnie deski z pieczo\u0142owito\u015bci\u0105, r\u0119cznie zabezpieczamy najwy\u017cszej jako\u015bci olejem przeznaczonym do kontaktu z \u017cywno\u015bci\u0105. Deski WINGS pakujemy w torb\u0119 z surowej bawe\u0142ny z oryginalnym nadrukiem zaprojektowanym (tak jak i same deski) przez Aleksandr\u0119 \u017beromsk\u0105.<\/p>\n<p><!--more--><\/p>\n<h2>wymiary:<\/h2>\n<p>52 x 19 cm + 52 x 29 cm<br \/>\ngrubo\u015b\u0107: 3,5 cm<\/p>\n<h2>materia\u0142y:<\/h2>\n<p>Grusza i czere\u015bnia <span style=\"color: #000000;\">\u2013 <\/span>radosny, soczysty, \u017cywy duet dw\u00f3ch lokalnych gatunk\u00f3w drewna owocowego. Jedyna w swoim rodzaju dekoracja sto\u0142u lub kuchni, dodaj\u0105ca odrobiny naturalnych kolor\u00f3w i wzor\u00f3w. Delikatne odcienie r\u00f3\u017cu, pomara\u0144czowego i fioletu.<\/p>\n<h2>piel\u0119gnacja:<\/h2>\n<p>Deski do krojenia WINGS nie s\u0105 przeznaczone do mycia w zmywarce. Zalecamy ostro\u017cne mycie r\u0119czne. Nie nara\u017ca\u0107 na d\u0142ugotrwa\u0142y kontakt z wod\u0105. Po ka\u017cdym u\u017cyciu wytrze\u0107 i osuszy\u0107.<\/p>\n<h2>wa\u017cne informacje:<\/h2>\n<p>TU LAS pracuje wy\u0142\u0105cznie z drewnem naturalnym, dlatego ka\u017cdy egzemplarz produktu jest wyj\u0105tkowy i jedyny w swoim rodzaju. Uwielbiamy nieregularne, nieco chaotyczne us\u0142ojenie, delikatne p\u0119kni\u0119cia i kapry\u015bne s\u0119ki. Je\u015bli wolisz, aby twoje drewno mia\u0142o bardziej przewidywalny, spokojny charakter, napisz do nas, sprawdzimy, co mamy do dyspozycji.<\/p>\n","protected":false},"excerpt":{"rendered":"<p>Zestaw dw\u00f3ch desek do krojenia i serwowania z litego drewna, idealny do codziennego u\u017cytku. Deski WINGS to tak\u017ce wyj\u0105tkowa dekoracja \u015bciany\u00a0\u2013\u00a0powieszone razem, przywodz\u0105 na my\u015bl skrzyd\u0142a motyli. Us\u0142ojenie drewna przypomina delikatn\u0105 faktur\u0119 jednej z najdoskonalszych kreacji natury. Ka\u017cda deska do krojenia jest wykonana z pojedynczego bloku drewna, co zapewnia trwa\u0142o\u015b\u0107. Nast\u0119pnie deski z pieczo\u0142owito\u015bci\u0105, r\u0119cznie [&hellip;]<\/p>\n","protected":false},"featured_media":1890,"template":"","meta":[],"product_cat":[64,63,65,62],"product_tag":[],"class_list":["post-1960","product","type-product","status-publish","has-post-thumbnail","hentry","product_cat-wild-cherry-pl","product_cat-pear-pl","product_cat-plum-pl","product_cat-wings-pl"],"_links":{"self":[{"href":"https:\/\/tulas.eu\/pl\/wp-json\/wp\/v2\/product\/1960","targetHints":{"allow":["GET"]}}],"collection":[{"href":"https:\/\/tulas.eu\/pl\/wp-json\/wp\/v2\/product"}],"about":[{"href":"https:\/\/tulas.eu\/pl\/wp-json\/wp\/v2\/types\/product"}],"wp:featuredmedia":[{"embeddable":true,"href":"https:\/\/tulas.eu\/pl\/wp-json\/wp\/v2\/media\/1890"}],"wp:attachment":[{"href":"https:\/\/tulas.eu\/pl\/wp-json\/wp\/v2\/media?parent=1960"}],"wp:term":[{"taxonomy":"product_cat","embeddable":true,"href":"https:\/\/tulas.eu\/pl\/wp-json\/wp\/v2\/product_cat?post=1960"},{"taxonomy":"product_tag","embeddable":true,"href":"https:\/\/tulas.eu\/pl\/wp-json\/wp\/v2\/product_tag?post=1960"}],"curies":[{"name":"wp","href":"https:\/\/api.w.org\/{rel}","templated":true}]}}