{"id":1961,"date":"2021-07-08T16:37:31","date_gmt":"2021-07-08T14:37:31","guid":{"rendered":"https:\/\/tulas.eu\/product\/stojak-na-wino-model-c-jeden-blok-drewna-opalany-jesion\/"},"modified":"2022-07-11T14:18:44","modified_gmt":"2022-07-11T12:18:44","slug":"stojak-na-wino-model-c-jeden-blok-drewna-opalany-jesion","status":"publish","type":"product","link":"https:\/\/tulas.eu\/pl\/produkt\/stojak-na-wino-model-c-jeden-blok-drewna-opalany-jesion\/","title":{"rendered":"Stojak na wino MODEL C, jeden blok drewna, opalany jesion"},"content":{"rendered":"<p>Przykuwaj\u0105cy wzrok, prosty w formie stojak na wino wart najlepszych rocznik\u00f3w. Poprzeczny przekr\u00f3j drewna zapewnia ciekawe wra\u017cenia wizualne, pozwalaj\u0105c odkry\u0107 histori\u0119 ka\u017cdego bloku. Stojak na wino MODEL C mie\u015bci trzy butelki.<\/p>\n<p>Ka\u017cdy stojak zabezpieczamy naturalnym impregnatem na bazie wosku pszczelego, kt\u00f3ry wydobywa unikatowe us\u0142ojenie naszego drewna.<\/p>\n<p><!--more--><\/p>\n<h2>wymiary:<\/h2>\n<p>podstawa: 40 cm<br \/>\nwysoko\u015b\u0107: 37 cm<br \/>\nszeroko\u015b\u0107: 12 cm<br \/>\nRzeczywiste wymiary mog\u0105 si\u0119 r\u00f3\u017cni\u0107.<\/p>\n<h2>materia\u0142y:<\/h2>\n<p><span data-sheets-value=\"{&quot;1&quot;:2,&quot;2&quot;:&quot;One piece of wavy ash, burnt following the Shou Sugi Ban, a traditional Japanese technique of finishing and preserving wood, brushed to reveal its unique structure, and finally coated with high quality plant-based oil to yield a deep matte colour. Sculptural and unique.n&quot;}\" data-sheets-userformat=\"{&quot;2&quot;:15105,&quot;3&quot;:{&quot;1&quot;:0},&quot;11&quot;:4,&quot;12&quot;:0,&quot;14&quot;:{&quot;1&quot;:3,&quot;3&quot;:1},&quot;15&quot;:&quot;Arial&quot;,&quot;16&quot;:12}\">Drewno jesionowe o pi\u0119knym, meandruj\u0105cym us\u0142ojeniu, opalane wed\u0142ug Shou Sugi Ban, tradycyjnej japo\u0144skiej techniki stosowanej do wyka\u0144czania i konserwacji drewna. Po opaleniu drewno szczotkujemy, by wydoby\u0107 jego niepowtarzaln\u0105 struktur\u0119. Nast\u0119pnie zabezpieczamy je wysokiej jako\u015bci olejem ro\u015blinnym, aby uzyska\u0107 g\u0142\u0119boki matowy odcie\u0144 czerni. Zjawiskowy i niepowtarzalny efekt.<\/span><\/p>\n<h2>piel\u0119gnacja:<\/h2>\n<p>Aby usun\u0105\u0107 kurz, u\u017cyj lekko wilgotnej szmatki. Drewno nielakierowane nale\u017cy regularnie od\u017cywia\u0107, by zachowa\u0107 jego pi\u0119kno. Zach\u0119camy do woskowania powierzchni stojaka raz w roku lub raz na dwa lata. Je\u015bli potrzebujesz dodatkowych informacji na temat piel\u0119gnacji produkt\u00f3w TU LAS, napisz do nas na team@tulas.eu.<\/p>\n<h2>wa\u017cne informacje:<\/h2>\n<p>TU LAS pracuje wy\u0142\u0105cznie z drewnem naturalnym, dlatego ka\u017cdy egzemplarz produktu jest wyj\u0105tkowy i jedyny w swoim rodzaju. Uwielbiamy nieregularne, nieco chaotyczne us\u0142ojenie, delikatne p\u0119kni\u0119cia i kapry\u015bne s\u0119ki. Je\u015bli wolisz, aby twoje drewno mia\u0142o bardziej przewidywalny, spokojny charakter, napisz do nas, sprawdzimy, co mamy do dyspozycji.<\/p>\n","protected":false},"excerpt":{"rendered":"<p>Przykuwaj\u0105cy wzrok, prosty w formie stojak na wino wart najlepszych rocznik\u00f3w. Poprzeczny przekr\u00f3j drewna zapewnia ciekawe wra\u017cenia wizualne, pozwalaj\u0105c odkry\u0107 histori\u0119 ka\u017cdego bloku. Stojak na wino MODEL C mie\u015bci trzy butelki. Ka\u017cdy stojak zabezpieczamy naturalnym impregnatem na bazie wosku pszczelego, kt\u00f3ry wydobywa unikatowe us\u0142ojenie naszego drewna.<\/p>\n","protected":false},"featured_media":1749,"template":"","meta":[],"product_cat":[67,66],"product_tag":[],"class_list":["post-1961","product","type-product","status-publish","has-post-thumbnail","hentry","product_cat-model-c-pl","product_cat-burned-ash-black-pl"],"_links":{"self":[{"href":"https:\/\/tulas.eu\/pl\/wp-json\/wp\/v2\/product\/1961","targetHints":{"allow":["GET"]}}],"collection":[{"href":"https:\/\/tulas.eu\/pl\/wp-json\/wp\/v2\/product"}],"about":[{"href":"https:\/\/tulas.eu\/pl\/wp-json\/wp\/v2\/types\/product"}],"wp:featuredmedia":[{"embeddable":true,"href":"https:\/\/tulas.eu\/pl\/wp-json\/wp\/v2\/media\/1749"}],"wp:attachment":[{"href":"https:\/\/tulas.eu\/pl\/wp-json\/wp\/v2\/media?parent=1961"}],"wp:term":[{"taxonomy":"product_cat","embeddable":true,"href":"https:\/\/tulas.eu\/pl\/wp-json\/wp\/v2\/product_cat?post=1961"},{"taxonomy":"product_tag","embeddable":true,"href":"https:\/\/tulas.eu\/pl\/wp-json\/wp\/v2\/product_tag?post=1961"}],"curies":[{"name":"wp","href":"https:\/\/api.w.org\/{rel}","templated":true}]}}