{"id":1962,"date":"2021-06-21T10:01:46","date_gmt":"2021-06-21T08:01:46","guid":{"rendered":"https:\/\/tulas.eu\/product\/stojak-na-wino-model-c-jeden-blok-drewna-jesion\/"},"modified":"2022-06-13T13:01:35","modified_gmt":"2022-06-13T11:01:35","slug":"stojak-na-wino-model-c-jeden-blok-drewna-jesion","status":"publish","type":"product","link":"https:\/\/tulas.eu\/pl\/produkt\/stojak-na-wino-model-c-jeden-blok-drewna-jesion\/","title":{"rendered":"Stojak na wino MODEL C, jeden blok drewna, jesion"},"content":{"rendered":"<p>Przykuwaj\u0105cy wzrok, prosty w formie stojak na wino wart najlepszych rocznik\u00f3w. Poprzeczny przekr\u00f3j drewna zapewnia ciekawe wra\u017cenia wizualne, pozwalaj\u0105c odkry\u0107 histori\u0119 ka\u017cdego bloku. Stojak na wino MODEL C mie\u015bci trzy butelki.<\/p>\n<p>Ka\u017cdy stojak zabezpieczamy naturalnym impregnatem na bazie wosku pszczelego, kt\u00f3ry wydobywa unikatowe us\u0142ojenie naszego drewna.<\/p>\n<p><!--more--><\/p>\n<h2>wymiary:<\/h2>\n<p>podstawa: 40 cm<br \/>\nwysoko\u015b\u0107: 37 cm<br \/>\nszeroko\u015b\u0107: 12 cm<br \/>\nRzeczywiste wymiary mog\u0105 si\u0119 r\u00f3\u017cni\u0107.<\/p>\n<h2>materia\u0142y:<\/h2>\n<p>Szykowny jesion. Doskonale wsp\u00f3\u0142gra z minimalistycznymi wn\u0119trzami i duszami przekonanymi, \u017ce mniej znaczy wi\u0119cej. Jego s\u0142oje delikatnie meandruj\u0105, a pasma wczesnego i p\u00f3\u017anego drewna tworz\u0105 subtelne kontrasty. Zgodnie z tradycj\u0105 drzewo jesionowe sadzi\u0142o si\u0119 na pami\u0105tk\u0119 narodzin syna. Dzi\u015b jesion sprawdza si\u0119 r\u00f3wnie\u017c przy innych okazjach, zw\u0142aszcza w po\u0142\u0105czeniu z kieliszkiem sch\u0142odzonego sauvignon blanc.<\/p>\n<h2>piel\u0119gnacja:<\/h2>\n<p>Aby usun\u0105\u0107 kurz, u\u017cyj lekko wilgotnej szmatki. Drewno nielakierowane nale\u017cy regularnie od\u017cywia\u0107, by zachowa\u0107 jego pi\u0119kno. Zach\u0119camy do woskowania powierzchni stojaka raz w roku lub raz na dwa lata. Je\u015bli potrzebujesz dodatkowych informacji na temat piel\u0119gnacji produkt\u00f3w TU LAS, napisz do nas na team@tulas.eu.<\/p>\n<h2>wa\u017cne informacje:<\/h2>\n<p>TU LAS pracuje wy\u0142\u0105cznie z drewnem naturalnym, dlatego ka\u017cdy egzemplarz produktu jest wyj\u0105tkowy i jedyny w swoim rodzaju. Uwielbiamy nieregularne, nieco chaotyczne us\u0142ojenie, delikatne p\u0119kni\u0119cia i kapry\u015bne s\u0119ki. Je\u015bli wolisz, aby twoje drewno mia\u0142o bardziej przewidywalny, spokojny charakter, napisz do nas, sprawdzimy, co mamy do dyspozycji.<\/p>\n<p>&nbsp;<\/p>\n","protected":false},"excerpt":{"rendered":"<p>Przykuwaj\u0105cy wzrok, prosty w formie stojak na wino wart najlepszych rocznik\u00f3w. Poprzeczny przekr\u00f3j drewna zapewnia ciekawe wra\u017cenia wizualne, pozwalaj\u0105c odkry\u0107 histori\u0119 ka\u017cdego bloku. Stojak na wino MODEL C mie\u015bci trzy butelki. Ka\u017cdy stojak zabezpieczamy naturalnym impregnatem na bazie wosku pszczelego, kt\u00f3ry wydobywa unikatowe us\u0142ojenie naszego drewna.<\/p>\n","protected":false},"featured_media":1697,"template":"","meta":[],"product_cat":[68,67],"product_tag":[],"class_list":["post-1962","product","type-product","status-publish","has-post-thumbnail","hentry","product_cat-ash-pl","product_cat-model-c-pl"],"_links":{"self":[{"href":"https:\/\/tulas.eu\/pl\/wp-json\/wp\/v2\/product\/1962","targetHints":{"allow":["GET"]}}],"collection":[{"href":"https:\/\/tulas.eu\/pl\/wp-json\/wp\/v2\/product"}],"about":[{"href":"https:\/\/tulas.eu\/pl\/wp-json\/wp\/v2\/types\/product"}],"wp:featuredmedia":[{"embeddable":true,"href":"https:\/\/tulas.eu\/pl\/wp-json\/wp\/v2\/media\/1697"}],"wp:attachment":[{"href":"https:\/\/tulas.eu\/pl\/wp-json\/wp\/v2\/media?parent=1962"}],"wp:term":[{"taxonomy":"product_cat","embeddable":true,"href":"https:\/\/tulas.eu\/pl\/wp-json\/wp\/v2\/product_cat?post=1962"},{"taxonomy":"product_tag","embeddable":true,"href":"https:\/\/tulas.eu\/pl\/wp-json\/wp\/v2\/product_tag?post=1962"}],"curies":[{"name":"wp","href":"https:\/\/api.w.org\/{rel}","templated":true}]}}