{"id":1964,"date":"2021-06-21T10:00:49","date_gmt":"2021-06-21T08:00:49","guid":{"rendered":"https:\/\/tulas.eu\/product\/stojak-na-wino-model-c-jeden-blok-drewna-dab\/"},"modified":"2022-06-14T11:31:55","modified_gmt":"2022-06-14T09:31:55","slug":"stojak-na-wino-model-c-jeden-blok-drewna-dab","status":"publish","type":"product","link":"https:\/\/tulas.eu\/pl\/produkt\/stojak-na-wino-model-c-jeden-blok-drewna-dab\/","title":{"rendered":"Stojak na wino MODEL C, jeden blok drewna, d\u0105b"},"content":{"rendered":"<p>Przykuwaj\u0105cy wzrok, prosty w formie stojak na wino wart najlepszych rocznik\u00f3w. Poprzeczny przekr\u00f3j drewna zapewnia ciekawe wra\u017cenia wizualne, pozwalaj\u0105c odkry\u0107 histori\u0119 ka\u017cdego bloku. Stojak na wino MODEL C mie\u015bci trzy butelki.<\/p>\n<p>Ka\u017cdy stojak zabezpieczamy naturalnym impregnatem na bazie wosku pszczelego, kt\u00f3ry wydobywa unikatowe us\u0142ojenie naszego drewna.<\/p>\n<p><!--more--><\/p>\n<h2>wymiary:<\/h2>\n<p>podstawa: 40 cm<br \/>\nwysoko\u015b\u0107: 37 cm<br \/>\nszeroko\u015b\u0107: 12 cm<br \/>\nRzeczywiste wymiary mog\u0105 si\u0119 r\u00f3\u017cni\u0107.<\/p>\n<h2>materia\u0142y:<\/h2>\n<p><span data-sheets-value=\"{&quot;1&quot;:2,&quot;2&quot;:&quot;Eternal king of the forest. Tough, heavy and powerful to touch. Before, it attracted thunderbolts; today, it creates the most beautiful duets with French full-bodied red wines. Cozy, rich and classy, oak wood is always a good choice. It fits all tastes, kitchens and tables, blending in perfectly with contemporary, Scandinavian or traditional interiors.&quot;}\" data-sheets-userformat=\"{&quot;2&quot;:15105,&quot;3&quot;:{&quot;1&quot;:0},&quot;11&quot;:4,&quot;12&quot;:0,&quot;14&quot;:{&quot;1&quot;:3,&quot;3&quot;:1},&quot;15&quot;:&quot;Arial&quot;,&quot;16&quot;:12}\">D\u0105b <\/span><span style=\"color: #000000\">\u2013 <\/span><span data-sheets-value=\"{&quot;1&quot;:2,&quot;2&quot;:&quot;Eternal king of the forest. Tough, heavy and powerful to touch. Before, it attracted thunderbolts; today, it creates the most beautiful duets with French full-bodied red wines. Cozy, rich and classy, oak wood is always a good choice. It fits all tastes, kitchens and tables, blending in perfectly with contemporary, Scandinavian or traditional interiors.&quot;}\" data-sheets-userformat=\"{&quot;2&quot;:15105,&quot;3&quot;:{&quot;1&quot;:0},&quot;11&quot;:4,&quot;12&quot;:0,&quot;14&quot;:{&quot;1&quot;:3,&quot;3&quot;:1},&quot;15&quot;:&quot;Arial&quot;,&quot;16&quot;:12}\">d\u0142ugowieczny kr\u00f3l lasu. Ci\u0119\u017cki i twardy w dotyku. Kiedy\u015b przyci\u0105ga\u0142 pioruny, dzi\u015b tworzy niezapomniane duety z francuskimi czerwonymi winami o pe\u0142nym bukiecie. Ciep\u0142e, szykowne i eleganckie drewno d\u0119bowe jest zawsze dobrym wyborem. Pasuje do ka\u017cdych okoliczno\u015bci, niezale\u017cenie od gustu, wystroju pomieszczenia czy dekoracji sto\u0142u. Idealnie komponuje si\u0119 ze wsp\u00f3\u0142czesnymi, skandynawskimi i bardziej tradycyjnymi wn\u0119trzami, a tak\u017ce domem w stylu boho.<\/span><\/p>\n<h2>piel\u0119gnacja:<\/h2>\n<p>Aby usun\u0105\u0107 kurz, u\u017cyj lekko wilgotnej szmatki. Drewno nielakierowane nale\u017cy regularnie od\u017cywia\u0107, by zachowa\u0107 jego pi\u0119kno. Zach\u0119camy do woskowania powierzchni stojaka raz w roku lub raz na dwa lata. Je\u015bli potrzebujesz dodatkowych informacji na temat piel\u0119gnacji produkt\u00f3w TU LAS, napisz do nas na team@tulas.eu.<\/p>\n<h2>wa\u017cne informacje:<\/h2>\n<p>TU LAS pracuje wy\u0142\u0105cznie z drewnem naturalnym, dlatego ka\u017cdy egzemplarz produktu jest wyj\u0105tkowy i jedyny w swoim rodzaju. Uwielbiamy nieregularne, nieco chaotyczne us\u0142ojenie, delikatne p\u0119kni\u0119cia i kapry\u015bne s\u0119ki. Je\u015bli wolisz, aby twoje drewno mia\u0142o bardziej przewidywalny, spokojny charakter, napisz do nas, sprawdzimy, co mo\u017cemy zaproponowa\u0107.<\/p>\n","protected":false},"excerpt":{"rendered":"<p>Przykuwaj\u0105cy wzrok, prosty w formie stojak na wino wart najlepszych rocznik\u00f3w. Poprzeczny przekr\u00f3j drewna zapewnia ciekawe wra\u017cenia wizualne, pozwalaj\u0105c odkry\u0107 histori\u0119 ka\u017cdego bloku. Stojak na wino MODEL C mie\u015bci trzy butelki. Ka\u017cdy stojak zabezpieczamy naturalnym impregnatem na bazie wosku pszczelego, kt\u00f3ry wydobywa unikatowe us\u0142ojenie naszego drewna.<\/p>\n","protected":false},"featured_media":1752,"template":"","meta":[],"product_cat":[61,67],"product_tag":[],"class_list":["post-1964","product","type-product","status-publish","has-post-thumbnail","hentry","product_cat-oak-pl","product_cat-model-c-pl"],"_links":{"self":[{"href":"https:\/\/tulas.eu\/pl\/wp-json\/wp\/v2\/product\/1964","targetHints":{"allow":["GET"]}}],"collection":[{"href":"https:\/\/tulas.eu\/pl\/wp-json\/wp\/v2\/product"}],"about":[{"href":"https:\/\/tulas.eu\/pl\/wp-json\/wp\/v2\/types\/product"}],"wp:featuredmedia":[{"embeddable":true,"href":"https:\/\/tulas.eu\/pl\/wp-json\/wp\/v2\/media\/1752"}],"wp:attachment":[{"href":"https:\/\/tulas.eu\/pl\/wp-json\/wp\/v2\/media?parent=1964"}],"wp:term":[{"taxonomy":"product_cat","embeddable":true,"href":"https:\/\/tulas.eu\/pl\/wp-json\/wp\/v2\/product_cat?post=1964"},{"taxonomy":"product_tag","embeddable":true,"href":"https:\/\/tulas.eu\/pl\/wp-json\/wp\/v2\/product_tag?post=1964"}],"curies":[{"name":"wp","href":"https:\/\/api.w.org\/{rel}","templated":true}]}}