{"id":1971,"date":"2021-07-05T12:17:39","date_gmt":"2021-07-05T10:17:39","guid":{"rendered":"https:\/\/tulas.eu\/product\/talerze-best-zestaw-3-podluznych-talerzy-cieply-orzech\/"},"modified":"2022-06-13T14:44:39","modified_gmt":"2022-06-13T12:44:39","slug":"talerze-best-zestaw-3-podluznych-talerzy-cieply-orzech","status":"publish","type":"product","link":"https:\/\/tulas.eu\/pl\/produkt\/talerze-best-zestaw-3-podluznych-talerzy-cieply-orzech\/","title":{"rendered":"Talerze BEST, zestaw 3 pod\u0142u\u017cnych talerzy, ciep\u0142y orzech"},"content":{"rendered":"<p>Minimalistyczne i uniwersalne, sprawdz\u0105 si\u0119 na ka\u017cd\u0105 okazj\u0119 \u2013 czy to szybkie poniedzia\u0142kowe \u015bniadanie, czy serwowanie wyszukanych antipasti na wieczornym przyj\u0119ciu. Idealne do dzielenia si\u0119 jedzeniem i rado\u015bci\u0105. Ich geometryczne kszta\u0142ty inspiruj\u0105 do tworzenia wyj\u0105tkowych aran\u017cacji sto\u0142u.<\/p>\n<p>Ka\u017cdy talerz BEST jest wykonany z pojedynczego bloku drewna, co zapewnia trwa\u0142o\u015b\u0107. Nast\u0119pnie talerze z pieczo\u0142owito\u015bci\u0105, r\u0119cznie zabezpieczamy najwy\u017cszej jako\u015bci olejem przeznaczonym do kontaktu z \u017cywno\u015bci\u0105.<\/p>\n<p><!--more--><\/p>\n<h2>wymiary:<\/h2>\n<p>pod\u0142u\u017cny: 12 x 43 cm<br \/>\ndost\u0119pne r\u00f3wnie\u017c: kwadratowy: 27 x 27 cm, okr\u0105g\u0142y: 25 cm (\u015brednica)<\/p>\n<h2>materia\u0142y:<\/h2>\n<p>Lity orzech pokryty olejem o ciep\u0142ym odcieniu. Intensywny i niepowtarzalny. Najbardziej zr\u00f3\u017cnicowany rodzaj drewna, z kontrastowym us\u0142ojeniem.<\/p>\n<h2>piel\u0119gnacja:<\/h2>\n<p>Talerze BEST nie s\u0105 przeznaczone do mycia w zmywarce. Zalecamy ostro\u017cne mycie r\u0119czne. Nie nara\u017ca\u0107 na d\u0142ugotrwa\u0142y kontakt z wod\u0105. Po ka\u017cdym u\u017cyciu wytrze\u0107 i osuszy\u0107.<\/p>\n<h2>wa\u017cne informacje:<\/h2>\n<p>TU LAS pracuje wy\u0142\u0105cznie z drewnem naturalnym, dlatego ka\u017cdy egzemplarz produktu jest wyj\u0105tkowy i jedyny w swoim rodzaju. Uwielbiamy nieregularne, nieco chaotyczne us\u0142ojenie, delikatne p\u0119kni\u0119cia i kapry\u015bne s\u0119ki. Je\u015bli wolisz, aby twoje drewno mia\u0142o bardziej przewidywalny, spokojny charakter, napisz do nas, sprawdzimy, co mo\u017cemy zaproponowa\u0107.<\/p>\n","protected":false},"excerpt":{"rendered":"<p>Minimalistyczne i uniwersalne, sprawdz\u0105 si\u0119 na ka\u017cd\u0105 okazj\u0119 \u2013 czy to szybkie poniedzia\u0142kowe \u015bniadanie, czy serwowanie wyszukanych antipasti na wieczornym przyj\u0119ciu. Idealne do dzielenia si\u0119 jedzeniem i rado\u015bci\u0105. Ich geometryczne kszta\u0142ty inspiruj\u0105 do tworzenia wyj\u0105tkowych aran\u017cacji sto\u0142u. Ka\u017cdy talerz BEST jest wykonany z pojedynczego bloku drewna, co zapewnia trwa\u0142o\u015b\u0107. Nast\u0119pnie talerze z pieczo\u0142owito\u015bci\u0105, r\u0119cznie zabezpieczamy [&hellip;]<\/p>\n","protected":false},"featured_media":1268,"template":"","meta":[],"product_cat":[49,45],"product_tag":[],"class_list":["post-1971","product","type-product","status-publish","has-post-thumbnail","hentry","product_cat-walnut","product_cat-best-plate"],"_links":{"self":[{"href":"https:\/\/tulas.eu\/pl\/wp-json\/wp\/v2\/product\/1971","targetHints":{"allow":["GET"]}}],"collection":[{"href":"https:\/\/tulas.eu\/pl\/wp-json\/wp\/v2\/product"}],"about":[{"href":"https:\/\/tulas.eu\/pl\/wp-json\/wp\/v2\/types\/product"}],"wp:featuredmedia":[{"embeddable":true,"href":"https:\/\/tulas.eu\/pl\/wp-json\/wp\/v2\/media\/1268"}],"wp:attachment":[{"href":"https:\/\/tulas.eu\/pl\/wp-json\/wp\/v2\/media?parent=1971"}],"wp:term":[{"taxonomy":"product_cat","embeddable":true,"href":"https:\/\/tulas.eu\/pl\/wp-json\/wp\/v2\/product_cat?post=1971"},{"taxonomy":"product_tag","embeddable":true,"href":"https:\/\/tulas.eu\/pl\/wp-json\/wp\/v2\/product_tag?post=1971"}],"curies":[{"name":"wp","href":"https:\/\/api.w.org\/{rel}","templated":true}]}}