{"id":1983,"date":"2020-09-17T09:53:50","date_gmt":"2020-09-17T07:53:50","guid":{"rendered":"https:\/\/tulas.eu\/product\/zestawy-montazowe\/"},"modified":"2022-07-12T15:34:35","modified_gmt":"2022-07-12T13:34:35","slug":"zestawy-montazowe","status":"publish","type":"product","link":"https:\/\/tulas.eu\/pl\/produkt\/zestawy-montazowe\/","title":{"rendered":"ZESTAWY MONTA\u017bOWE"},"content":{"rendered":"<p>Nasze standardowe ko\u0142ki rozporowe do p\u00f3\u0142ek i rega\u0142\u00f3w. \u0141atwe w u\u017cyciu i trwa\u0142e. Umo\u017cliwiaj\u0105 niewidoczny monta\u017c naszych p\u00f3\u0142ek. Zestaw przygotowany z my\u015bl\u0105 o sytuacjach, w kt\u00f3rych potrzebujesz wi\u0119cej ni\u017c dw\u00f3ch standardowo do\u0142\u0105czanych ko\u0142k\u00f3w.<\/p>\n<p>Ko\u0142ek ma\u0142y: przeznaczony do p\u00f3\u0142ki na wino MODEL A; \u015brednica wiert\u0142a: 12 mm<\/p>\n<p>Ko\u0142ek du\u017cy: przeznaczony do p\u00f3\u0142ek MODEL B, B12, B0; \u015brednica wiert\u0142a: 14 mm<\/p>\n<p>&nbsp;<\/p>\n","protected":false},"excerpt":{"rendered":"<p>Nasze standardowe ko\u0142ki rozporowe do p\u00f3\u0142ek i rega\u0142\u00f3w. \u0141atwe w u\u017cyciu i trwa\u0142e. Umo\u017cliwiaj\u0105 niewidoczny monta\u017c naszych p\u00f3\u0142ek. Zestaw przygotowany z my\u015bl\u0105 o sytuacjach, w kt\u00f3rych potrzebujesz wi\u0119cej ni\u017c dw\u00f3ch standardowo do\u0142\u0105czanych ko\u0142k\u00f3w.<\/p>\n","protected":false},"featured_media":536,"template":"","meta":[],"product_cat":[71],"product_tag":[],"class_list":["post-1983","product","type-product","status-publish","has-post-thumbnail","hentry","product_cat-extra-services-pl","product_shipping_class-koperta-pl"],"_links":{"self":[{"href":"https:\/\/tulas.eu\/pl\/wp-json\/wp\/v2\/product\/1983","targetHints":{"allow":["GET"]}}],"collection":[{"href":"https:\/\/tulas.eu\/pl\/wp-json\/wp\/v2\/product"}],"about":[{"href":"https:\/\/tulas.eu\/pl\/wp-json\/wp\/v2\/types\/product"}],"wp:featuredmedia":[{"embeddable":true,"href":"https:\/\/tulas.eu\/pl\/wp-json\/wp\/v2\/media\/536"}],"wp:attachment":[{"href":"https:\/\/tulas.eu\/pl\/wp-json\/wp\/v2\/media?parent=1983"}],"wp:term":[{"taxonomy":"product_cat","embeddable":true,"href":"https:\/\/tulas.eu\/pl\/wp-json\/wp\/v2\/product_cat?post=1983"},{"taxonomy":"product_tag","embeddable":true,"href":"https:\/\/tulas.eu\/pl\/wp-json\/wp\/v2\/product_tag?post=1983"}],"curies":[{"name":"wp","href":"https:\/\/api.w.org\/{rel}","templated":true}]}}