{"id":1986,"date":"2020-09-17T09:49:45","date_gmt":"2020-09-17T07:49:45","guid":{"rendered":"https:\/\/tulas.eu\/product\/zestaw-do-pielegnacji\/"},"modified":"2022-07-19T08:24:58","modified_gmt":"2022-07-19T06:24:58","slug":"zestaw-do-pielegnacji","status":"publish","type":"product","link":"https:\/\/tulas.eu\/pl\/produkt\/zestaw-do-pielegnacji\/","title":{"rendered":"ZESTAW DO PIEL\u0118GNACJI"},"content":{"rendered":"<p>Nadszed\u0142 czas, aby zadba\u0107 o rzeczy, kt\u00f3re kochamy!<\/p>\n<p>A my kochamy drewno i chcemy cieszy\u0107 si\u0119 jego pi\u0119knem z szacunkiem i rozwag\u0105. Naprawa i renowacja to istotna cz\u0119\u015b\u0107 tego podej\u015bcia. Dlatego przygotowali\u015bmy zestaw do piel\u0119gnacji, kt\u00f3ry pozwoli ci od\u015bwie\u017cy\u0107 i od\u017cywi\u0107 twoje ulubione produkty TU LAS.<\/p>\n<p>Je\u015bli potrzebujesz dodatkowych informacji na temat piel\u0119gnacji naszych produkt\u00f3w (lub innych drewnianych ulubie\u0144c\u00f3w), napisz do nas na team@tulas.eu.<\/p>\n<p><!--more--><\/p>\n<h2>ZESTAW DO PIEL\u0118GNACJI p\u00f3\u0142ek i stojak\u00f3w na wino<\/h2>\n<p>S\u0142oik oleju krokoszowego marki Kreidezeit 60 ml, bawe\u0142niana szmatka, papier \u015bcierny<\/p>\n<h2>ZESTAW DO PIEL\u0118GNACJI blat\u00f3w i talerzy<\/h2>\n<p>RMC Surface Care, gotowy do u\u017cycia \u015brodek czyszcz\u0105cy do cotygodniowej lub comiesi\u0119cznej piel\u0119gnacji powierzchni zabezpieczonych olejem Rubio Monocoat Oil Plus. Umo\u017cliwia r\u00f3wnie\u017c \u0142atwe usuwanie plam. Opakowanie 750 ml.<\/p>\n<p>RMC Refresh Eco, gotowy do u\u017cycia sprawy do od\u015bwie\u017cania dowolnych powierzchni drewnianych zabezpieczonych olejem RMC. Opakowanie 500 ml.<\/p>\n<p>&nbsp;<\/p>\n","protected":false},"excerpt":{"rendered":"<p>Profesjonalny zestaw do piel\u0119gnacji, kt\u00f3ry pozwoli ci wyczy\u015bci\u0107, od\u015bwie\u017cy\u0107 i od\u017cywi\u0107 twoje produkty TU LAS (talerze, p\u00f3\u0142ki, stojaki na wino i blaty). Dzi\u0119ki tym przyjaznym dla \u015brodowiska produktom drewno odzyskuje sw\u0105 nie\u015bmierteln\u0105 moc.<\/p>\n","protected":false},"featured_media":527,"template":"","meta":[],"product_cat":[71],"product_tag":[],"class_list":["post-1986","product","type-product","status-publish","has-post-thumbnail","hentry","product_cat-extra-services-pl","product_shipping_class-koperta-pl"],"_links":{"self":[{"href":"https:\/\/tulas.eu\/pl\/wp-json\/wp\/v2\/product\/1986","targetHints":{"allow":["GET"]}}],"collection":[{"href":"https:\/\/tulas.eu\/pl\/wp-json\/wp\/v2\/product"}],"about":[{"href":"https:\/\/tulas.eu\/pl\/wp-json\/wp\/v2\/types\/product"}],"wp:featuredmedia":[{"embeddable":true,"href":"https:\/\/tulas.eu\/pl\/wp-json\/wp\/v2\/media\/527"}],"wp:attachment":[{"href":"https:\/\/tulas.eu\/pl\/wp-json\/wp\/v2\/media?parent=1986"}],"wp:term":[{"taxonomy":"product_cat","embeddable":true,"href":"https:\/\/tulas.eu\/pl\/wp-json\/wp\/v2\/product_cat?post=1986"},{"taxonomy":"product_tag","embeddable":true,"href":"https:\/\/tulas.eu\/pl\/wp-json\/wp\/v2\/product_tag?post=1986"}],"curies":[{"name":"wp","href":"https:\/\/api.w.org\/{rel}","templated":true}]}}