{"id":1989,"date":"2020-09-17T09:45:51","date_gmt":"2020-09-17T07:45:51","guid":{"rendered":"https:\/\/tulas.eu\/product\/probki-drewna\/"},"modified":"2022-07-20T19:54:27","modified_gmt":"2022-07-20T17:54:27","slug":"probki-drewna","status":"publish","type":"product","link":"https:\/\/tulas.eu\/pl\/produkt\/probki-drewna\/","title":{"rendered":"PR\u00d3BKI DREWNA &#8211; ZESTAW"},"content":{"rendered":"<p>To por\u0119czny zestaw siedmiu drewnianych klock\u00f3w o wymiarach 4 x 4 x 4 cm, wykonanych z siedmiu rodzaj\u00f3w drewna dost\u0119pnych w TU LAS (jesion, czarny jesion opalany, d\u0105b, orzech, czere\u015bnia, gruszka, jawor). Pomog\u0105 ci one zdecydowa\u0107, kt\u00f3ry rodzaj drewna najlepiej pasuje do materia\u0142\u00f3w, kolor\u00f3w i wzor\u00f3w w twoim domu czy restauracji. A kiedy ju\u017c podejmiesz t\u0119 decyzj\u0119, twoje dzieci b\u0119d\u0105 doskonale wiedzia\u0142y, co dalej zrobi\u0107 z klockami. To si\u0119 nazywa podw\u00f3jne zwyci\u0119stwo!<\/p>\n","protected":false},"excerpt":{"rendered":"<p>Chcesz sprawdzi\u0107, jaki rodzaj drewna najlepiej pasuje do twojego domu lub winiarni? Zestaw siedmiu drewnianych klock\u00f3w (jesion, czarny jesion opalany, d\u0105b, orzech, czere\u015bnia, grusza, jawor) z logo TU LAS pomo\u017ce ci podj\u0105\u0107 w\u0142a\u015bciw\u0105 decyzj\u0119.<\/p>\n","protected":false},"featured_media":514,"template":"","meta":[],"product_cat":[64,61,63,73,68,70,66,71],"product_tag":[],"class_list":["post-1989","product","type-product","status-publish","has-post-thumbnail","hentry","product_cat-wild-cherry-pl","product_cat-oak-pl","product_cat-pear-pl","product_cat-sycamore-pl","product_cat-ash-pl","product_cat-walnut-pl","product_cat-burned-ash-black-pl","product_cat-extra-services-pl","product_shipping_class-koperta-pl"],"_links":{"self":[{"href":"https:\/\/tulas.eu\/pl\/wp-json\/wp\/v2\/product\/1989","targetHints":{"allow":["GET"]}}],"collection":[{"href":"https:\/\/tulas.eu\/pl\/wp-json\/wp\/v2\/product"}],"about":[{"href":"https:\/\/tulas.eu\/pl\/wp-json\/wp\/v2\/types\/product"}],"wp:featuredmedia":[{"embeddable":true,"href":"https:\/\/tulas.eu\/pl\/wp-json\/wp\/v2\/media\/514"}],"wp:attachment":[{"href":"https:\/\/tulas.eu\/pl\/wp-json\/wp\/v2\/media?parent=1989"}],"wp:term":[{"taxonomy":"product_cat","embeddable":true,"href":"https:\/\/tulas.eu\/pl\/wp-json\/wp\/v2\/product_cat?post=1989"},{"taxonomy":"product_tag","embeddable":true,"href":"https:\/\/tulas.eu\/pl\/wp-json\/wp\/v2\/product_tag?post=1989"}],"curies":[{"name":"wp","href":"https:\/\/api.w.org\/{rel}","templated":true}]}}