{"id":1991,"date":"2021-06-18T11:38:57","date_gmt":"2021-06-18T09:38:57","guid":{"rendered":"https:\/\/tulas.eu\/product\/polka-na-wino-model-a-jeden-blok-drewna-opalany-czarny-jesion\/"},"modified":"2022-07-11T14:21:10","modified_gmt":"2022-07-11T12:21:10","slug":"polka-na-wino-model-a-jeden-blok-drewna-opalany-czarny-jesion","status":"publish","type":"product","link":"https:\/\/tulas.eu\/pl\/produkt\/polka-na-wino-model-a-jeden-blok-drewna-opalany-czarny-jesion\/","title":{"rendered":"P\u00f3\u0142ka na wino MODEL A, jeden blok drewna, opalany (czarny) jesion"},"content":{"rendered":"<p>Prosta w formie, wykonana z jednego kawa\u0142ka drewna. Z dum\u0105 prezentuje butelki i etykiety twoich najlepszych rocznik\u00f3w. Mie\u015bci sze\u015b\u0107 butelek.<\/p>\n<p>Ten model p\u00f3\u0142ki na wino idealnie sprawdzi si\u0119 w kuchni, salonie, a tak\u017ce w restauracjach, winiarniach i barach. \u0141\u0105cz\u0105c kilka p\u00f3\u0142ek z tego modelu w jednym wn\u0119trzu, uzyska\u0107 spektakularny i niepowtarzalny efekt.<\/p>\n<p>P\u00f3\u0142ki MODEL A s\u0105 r\u0119cznie wyko\u0144czone z pe\u0142n\u0105 dba\u0142o\u015bci\u0105 o szczeg\u00f3\u0142y. Zabezpieczamy je naturalnym impregnatem na bazie wosku pszczelego, kt\u00f3ry wydobywa rysunek drewna. Do p\u00f3\u0142ki do\u0142\u0105czamy zestaw ko\u0142k\u00f3w rozporowych niezb\u0119dnych do \u0142atwego samodzielnego monta\u017cu.<\/p>\n<p><!--more--><\/p>\n<h2>wymiary:<\/h2>\n<p>77 x 9 x 4 cm<br \/>\nwaga: 1,5 kg<\/p>\n<p>niestandardowe wymiary dost\u0119pne na zam\u00f3wienie<\/p>\n<h2>materia\u0142y:<\/h2>\n<p>Drewno jesionowe o pi\u0119knym, meandruj\u0105cym us\u0142ojeniu, opalane wed\u0142ug Shou Sugi Ban, tradycyjnej japo\u0144skiej techniki stosowanej do wyka\u0144czania i konserwacji drewna. Po opaleniu drewno szczotkujemy, by wydoby\u0107 jego niepowtarzaln\u0105 struktur\u0119. Nast\u0119pnie zabezpieczamy je wysokiej jako\u015bci olejem ro\u015blinnym, aby uzyska\u0107 g\u0142\u0119boki matowy odcie\u0144 czerni. Zjawiskowy i niepowtarzalny efekt.<\/p>\n<h2>piel\u0119gnacja:<\/h2>\n<p>Aby usun\u0105\u0107 kurz, u\u017cyj lekko wilgotnej szmatki. Drewno nielakierowane nale\u017cy regularnie od\u017cywia\u0107, by zachowa\u0107 jego pi\u0119kno. Zach\u0119camy do woskowania powierzchni p\u00f3\u0142ki raz w roku lub raz na dwa lata. Je\u015bli potrzebujesz dodatkowych informacji na temat piel\u0119gnacji produkt\u00f3w TU LAS, napisz do nas na team@tulas.eu.<\/p>\n<h2>monta\u017c:<\/h2>\n<p>Materia\u0142y monta\u017cowe w zestawie. Za\u0142\u0105czone ko\u0142ki rozporowe nie s\u0105 odpowiednie dla p\u0142yt kartongipsowych. Zaznaczamy, \u017ce p\u00f3\u0142ki s\u0105 ci\u0119\u017ckie.<\/p>\n<h2>wa\u017cne informacje:<\/h2>\n<p>TU LAS pracuje wy\u0142\u0105cznie z drewnem naturalnym, dlatego ka\u017cdy egzemplarz produktu jest wyj\u0105tkowy i jedyny w swoim rodzaju. Uwielbiamy nieregularne, nieco chaotyczne us\u0142ojenie, delikatne p\u0119kni\u0119cia i kapry\u015bne s\u0119ki. Je\u015bli wolisz, aby twoje drewno mia\u0142o bardziej przewidywalny, spokojny charakter, napisz do nas, sprawdzimy, co mo\u017cemy zaproponowa\u0107.<\/p>\n","protected":false},"excerpt":{"rendered":"<p>Prosta w formie, wykonana z jednego kawa\u0142ka drewna. Z dum\u0105 prezentuje butelki i etykiety twoich najlepszych rocznik\u00f3w. Mie\u015bci sze\u015b\u0107 butelek. Ten model p\u00f3\u0142ki na wino idealnie sprawdzi si\u0119 w kuchni, salonie, a tak\u017ce w restauracjach, winiarniach i barach. \u0141\u0105cz\u0105c kilka p\u00f3\u0142ek z tego modelu w jednym wn\u0119trzu, uzyska\u0107 spektakularny i niepowtarzalny efekt. P\u00f3\u0142ki MODEL A [&hellip;]<\/p>\n","protected":false},"featured_media":1334,"template":"","meta":[],"product_cat":[56,47],"product_tag":[],"class_list":["post-1991","product","type-product","status-publish","has-post-thumbnail","hentry","product_cat-model-a","product_cat-burned-ash-black"],"_links":{"self":[{"href":"https:\/\/tulas.eu\/pl\/wp-json\/wp\/v2\/product\/1991","targetHints":{"allow":["GET"]}}],"collection":[{"href":"https:\/\/tulas.eu\/pl\/wp-json\/wp\/v2\/product"}],"about":[{"href":"https:\/\/tulas.eu\/pl\/wp-json\/wp\/v2\/types\/product"}],"wp:featuredmedia":[{"embeddable":true,"href":"https:\/\/tulas.eu\/pl\/wp-json\/wp\/v2\/media\/1334"}],"wp:attachment":[{"href":"https:\/\/tulas.eu\/pl\/wp-json\/wp\/v2\/media?parent=1991"}],"wp:term":[{"taxonomy":"product_cat","embeddable":true,"href":"https:\/\/tulas.eu\/pl\/wp-json\/wp\/v2\/product_cat?post=1991"},{"taxonomy":"product_tag","embeddable":true,"href":"https:\/\/tulas.eu\/pl\/wp-json\/wp\/v2\/product_tag?post=1991"}],"curies":[{"name":"wp","href":"https:\/\/api.w.org\/{rel}","templated":true}]}}