{"id":1995,"date":"2021-06-18T11:27:58","date_gmt":"2021-06-18T09:27:58","guid":{"rendered":"https:\/\/tulas.eu\/product\/polka-na-wino-model-a-jeden-blok-drewna-czeresnia\/"},"modified":"2021-06-18T11:27:58","modified_gmt":"2021-06-18T09:27:58","slug":"polka-na-wino-model-a-jeden-blok-drewna-czeresnia","status":"publish","type":"product","link":"https:\/\/tulas.eu\/pl\/produkt\/polka-na-wino-model-a-jeden-blok-drewna-czeresnia\/","title":{"rendered":"P\u00f3\u0142ka na wino MODEL A, jeden blok drewna, czere\u015bnia"},"content":{"rendered":"<p>Prosta w formie, wykonana z jednego kawa\u0142ka drewna. Z dum\u0105 prezentuje butelki i etykiety twoich najlepszych rocznik\u00f3w. Mie\u015bci sze\u015b\u0107 butelek.<\/p>\n<p>Ten model p\u00f3\u0142ki na wino idealnie sprawdzi si\u0119 w kuchni, salonie, a tak\u017ce w restauracjach, winiarniach i barach. \u0141\u0105cz\u0105c kilka p\u00f3\u0142ek z tego modelu w jednym wn\u0119trzu, uzyska\u0107 spektakularny i niepowtarzalny efekt.<\/p>\n<p>P\u00f3\u0142ki MODEL A s\u0105 r\u0119cznie wyko\u0144czone z pe\u0142n\u0105 dba\u0142o\u015bci\u0105 o szczeg\u00f3\u0142y. Zabezpieczamy je naturalnym impregnatem na bazie wosku pszczelego, kt\u00f3ry wydobywa rysunek drewna. Do p\u00f3\u0142ki do\u0142\u0105czamy zestaw ko\u0142k\u00f3w rozporowych niezb\u0119dnych do \u0142atwego samodzielnego monta\u017cu.<\/p>\n<p><!--more--><\/p>\n<h2>wymiary:<\/h2>\n<p>77 x 9 x 4 cm<br \/>\nwaga: 1,5 kg<\/p>\n<p>niestandardowe wymiary dost\u0119pne na zam\u00f3wienie<\/p>\n<h2>materia\u0142y:<\/h2>\n<p>R\u00f3\u017cowo-br\u0105zowe s\u0142oje kontrastuj\u0105ce z ja\u015bniejszymi smugami, zielonkawe pasma&#8230; Drewno czere\u015bniowe bywa bardzo r\u00f3\u017cnorodne. Delikatne, mi\u0119kkie, wra\u017cliwe na trudne warunki atmosferyczne, cudownie g\u0142adkie w dotyku. Czere\u015bnia to prawdziwa dama, kt\u00f3ra t\u0119skni do gustownych wn\u0119trz, sympatycznych wsp\u00f3\u0142lokator\u00f3w i mi\u0119kkich, dobrze wywa\u017conych ros<span style=\"color: #202020\"><span style=\"font-family: Alegreya JM, Alegreya Latin Extended JM, Alegreya Cyrillic Greek JM, Times New Roman, Times, serif\"><span style=\"font-size: medium\"><span lang=\"pl-PL\">\u00e9 <\/span><\/span><\/span><\/span>prosto z Chile.<\/p>\n<h2>piel\u0119gnacja:<\/h2>\n<p>Aby usun\u0105\u0107 kurz, u\u017cyj lekko wilgotnej szmatki. Drewno nielakierowane nale\u017cy regularnie od\u017cywia\u0107, by zachowa\u0107 jego pi\u0119kno. Zach\u0119camy do woskowania powierzchni p\u00f3\u0142ki raz w roku lub raz na dwa lata. Je\u015bli potrzebujesz dodatkowych informacji na temat piel\u0119gnacji produkt\u00f3w TU LAS, napisz do nas na team@tulas.eu.<\/p>\n<h2>monta\u017c:<\/h2>\n<p>Materia\u0142y monta\u017cowe w zestawie. Za\u0142\u0105czone ko\u0142ki rozporowe nie s\u0105 odpowiednie dla p\u0142yt kartongipsowych. Zaznaczamy, \u017ce p\u00f3\u0142ki s\u0105 ci\u0119\u017ckie.<\/p>\n<h2>wa\u017cne informacje:<\/h2>\n<p>TU LAS pracuje wy\u0142\u0105cznie z drewnem naturalnym, dlatego ka\u017cdy egzemplarz produktu jest wyj\u0105tkowy i jedyny w swoim rodzaju. Uwielbiamy nieregularne, nieco chaotyczne us\u0142ojenie, delikatne p\u0119kni\u0119cia i kapry\u015bne s\u0119ki. Je\u015bli wolisz, aby twoje drewno mia\u0142o bardziej przewidywalny, spokojny charakter, napisz do nas, sprawdzimy, co mo\u017cemy zaproponowa\u0107.<\/p>\n","protected":false},"excerpt":{"rendered":"<p>Prosta w formie, wykonana z jednego kawa\u0142ka drewna. Z dum\u0105 prezentuje butelki i etykiety twoich najlepszych rocznik\u00f3w. Mie\u015bci sze\u015b\u0107 butelek. Ten model p\u00f3\u0142ki na wino idealnie sprawdzi si\u0119 w kuchni, salonie, a tak\u017ce w restauracjach, winiarniach i barach. \u0141\u0105cz\u0105c kilka p\u00f3\u0142ek z tego modelu w jednym wn\u0119trzu, uzyska\u0107 spektakularny i niepowtarzalny efekt. P\u00f3\u0142ki MODEL A [&hellip;]<\/p>\n","protected":false},"featured_media":1490,"template":"","meta":[],"product_cat":[64,72],"product_tag":[],"class_list":["post-1995","product","type-product","status-publish","has-post-thumbnail","hentry","product_cat-wild-cherry-pl","product_cat-model-a-pl"],"_links":{"self":[{"href":"https:\/\/tulas.eu\/pl\/wp-json\/wp\/v2\/product\/1995","targetHints":{"allow":["GET"]}}],"collection":[{"href":"https:\/\/tulas.eu\/pl\/wp-json\/wp\/v2\/product"}],"about":[{"href":"https:\/\/tulas.eu\/pl\/wp-json\/wp\/v2\/types\/product"}],"wp:featuredmedia":[{"embeddable":true,"href":"https:\/\/tulas.eu\/pl\/wp-json\/wp\/v2\/media\/1490"}],"wp:attachment":[{"href":"https:\/\/tulas.eu\/pl\/wp-json\/wp\/v2\/media?parent=1995"}],"wp:term":[{"taxonomy":"product_cat","embeddable":true,"href":"https:\/\/tulas.eu\/pl\/wp-json\/wp\/v2\/product_cat?post=1995"},{"taxonomy":"product_tag","embeddable":true,"href":"https:\/\/tulas.eu\/pl\/wp-json\/wp\/v2\/product_tag?post=1995"}],"curies":[{"name":"wp","href":"https:\/\/api.w.org\/{rel}","templated":true}]}}