{"id":2002,"date":"2021-06-21T09:56:17","date_gmt":"2021-06-21T07:56:17","guid":{"rendered":"https:\/\/tulas.eu\/product\/polka-wiszaca-b0-jeden-blok-drewna-opalany-czarny-jesion\/"},"modified":"2022-06-14T11:38:12","modified_gmt":"2022-06-14T09:38:12","slug":"polka-wiszaca-b0-jeden-blok-drewna-opalany-czarny-jesion","status":"publish","type":"product","link":"https:\/\/tulas.eu\/pl\/produkt\/polka-wiszaca-b0-jeden-blok-drewna-opalany-czarny-jesion\/","title":{"rendered":"P\u00f3\u0142ka wisz\u0105ca B0, jeden blok drewna, opalany (czarny) jesion"},"content":{"rendered":"<p>Prosty design, spektakularny efekt. Wykonana z jednego bloku opalanego drewna jesionowego. Doskonale komponuje si\u0119 z innymi produktami TU LAS, dzi\u0119ki czemu mo\u017cesz stworzy\u0107 niezapomniane aran\u017cacje w swojej kuchni, bibliotece domowej czy pokoju dzieci\u0119cym.<\/p>\n<p>Ka\u017cd\u0105 p\u00f3\u0142k\u0119 zabezpieczamy naturalnym impregnatem na bazie wosku pszczelego, kt\u00f3ry wydobywa unikatowy rysunek drewna. Do\u0142\u0105czamy zestaw ko\u0142k\u00f3w rozporowych niezb\u0119dnych do niewidocznego monta\u017cu p\u00f3\u0142ki. Szczeg\u00f3\u0142owa instrukcja umo\u017cliwia samodzielne zawieszenie p\u00f3\u0142ki.<\/p>\n<p><!--more--><\/p>\n<h2>wymiary:<\/h2>\n<p>94 x 22 x 4 cm<br \/>\nwaga: 7 kg<br \/>\nniestandardowe wymiary dost\u0119pne na zam\u00f3wienie<\/p>\n<h2>materia\u0142y:<\/h2>\n<p>Lity jesion o meandruj\u0105cym us\u0142ojeniu, opalany zgodnie z Shou Sugi Ban, tradycyjn\u0105 japo\u0144sk\u0105 technik\u0105 stosowan\u0105 do wyka\u0144czania i konserwacji drewna. Po opaleniu drewno szczotkujemy, by wydoby\u0107 jego niepowtarzaln\u0105 struktur\u0119. Nast\u0119pnie zabezpieczamy je wysokiej jako\u015bci olejem ro\u015blinnym, aby uzyska\u0107 g\u0142\u0119boki matowy odcie\u0144 czerni. Zjawiskowy i niepowtarzalny efekt.<\/p>\n<h2>piel\u0119gnacja:<\/h2>\n<p>Aby usun\u0105\u0107 kurz, u\u017cyj lekko wilgotnej szmatki. Drewno nielakierowane nale\u017cy regularnie od\u017cywia\u0107, by zachowa\u0107 jego pi\u0119kno. Zach\u0119camy do woskowania powierzchni p\u00f3\u0142ki raz w roku lub raz na dwa lata. Je\u015bli potrzebujesz dodatkowych informacji na temat piel\u0119gnacji produkt\u00f3w TU LAS, napisz do nas na team@tulas.eu.<\/p>\n<h2>monta\u017c:<\/h2>\n<p>Materia\u0142y monta\u017cowe w zestawie. Za\u0142\u0105czone ko\u0142ki rozporowe nie s\u0105 odpowiednie dla p\u0142yt kartongipsowych. Zaznaczamy, \u017ce p\u00f3\u0142ki s\u0105 ci\u0119\u017ckie.<\/p>\n<h2>wa\u017cne informacje:<\/h2>\n<p>TU LAS pracuje wy\u0142\u0105cznie z drewnem naturalnym, dlatego ka\u017cdy egzemplarz produktu jest wyj\u0105tkowy i jedyny w swoim rodzaju. Uwielbiamy nieregularne, nieco chaotyczne us\u0142ojenie, delikatne p\u0119kni\u0119cia i kapry\u015bne s\u0119ki. Je\u015bli wolisz, aby twoje drewno mia\u0142o bardziej przewidywalny, spokojny charakter, napisz do nas, sprawdzimy, co mo\u017cemy zaproponowa\u0107.<\/p>\n","protected":false},"excerpt":{"rendered":"<p>Prosty design, spektakularny efekt. Wykonana z jednego bloku opalanego drewna jesionowego. Doskonale komponuje si\u0119 z innymi produktami TU LAS, dzi\u0119ki czemu mo\u017cesz stworzy\u0107 niezapomniane aran\u017cacje w swojej kuchni, bibliotece domowej czy pokoju dzieci\u0119cym. Ka\u017cd\u0105 p\u00f3\u0142k\u0119 zabezpieczamy naturalnym impregnatem na bazie wosku pszczelego, kt\u00f3ry wydobywa unikatowy rysunek drewna. Do\u0142\u0105czamy zestaw ko\u0142k\u00f3w rozporowych niezb\u0119dnych do niewidocznego monta\u017cu [&hellip;]<\/p>\n","protected":false},"featured_media":1352,"template":"","meta":[],"product_cat":[74,66],"product_tag":[],"class_list":["post-2002","product","type-product","status-publish","has-post-thumbnail","hentry","product_cat-model-b0-pl","product_cat-burned-ash-black-pl"],"_links":{"self":[{"href":"https:\/\/tulas.eu\/pl\/wp-json\/wp\/v2\/product\/2002","targetHints":{"allow":["GET"]}}],"collection":[{"href":"https:\/\/tulas.eu\/pl\/wp-json\/wp\/v2\/product"}],"about":[{"href":"https:\/\/tulas.eu\/pl\/wp-json\/wp\/v2\/types\/product"}],"wp:featuredmedia":[{"embeddable":true,"href":"https:\/\/tulas.eu\/pl\/wp-json\/wp\/v2\/media\/1352"}],"wp:attachment":[{"href":"https:\/\/tulas.eu\/pl\/wp-json\/wp\/v2\/media?parent=2002"}],"wp:term":[{"taxonomy":"product_cat","embeddable":true,"href":"https:\/\/tulas.eu\/pl\/wp-json\/wp\/v2\/product_cat?post=2002"},{"taxonomy":"product_tag","embeddable":true,"href":"https:\/\/tulas.eu\/pl\/wp-json\/wp\/v2\/product_tag?post=2002"}],"curies":[{"name":"wp","href":"https:\/\/api.w.org\/{rel}","templated":true}]}}