{"id":2005,"date":"2021-06-21T09:49:42","date_gmt":"2021-06-21T07:49:42","guid":{"rendered":"https:\/\/tulas.eu\/product\/polka-wiszaca-b0-jeden-blok-drewna-czeresnia\/"},"modified":"2021-06-21T09:49:42","modified_gmt":"2021-06-21T07:49:42","slug":"polka-wiszaca-b0-jeden-blok-drewna-czeresnia","status":"publish","type":"product","link":"https:\/\/tulas.eu\/pl\/produkt\/polka-wiszaca-b0-jeden-blok-drewna-czeresnia\/","title":{"rendered":"P\u00f3\u0142ka wisz\u0105ca B0, jeden blok drewna, czere\u015bnia"},"content":{"rendered":"<p>Prosty design, spektakularny efekt. P\u00f3\u0142ka wykonana z jednego bloku drewna czere\u015bniowego. Doskonale komponuje si\u0119 z innymi produktami TU LAS, dzi\u0119ki czemu mo\u017cesz stworzy\u0107 niezapomniane aran\u017cacje w swojej kuchni, bibliotece domowej czy pokoju dzieci\u0119cym.<\/p>\n<p>Ka\u017cd\u0105 p\u00f3\u0142k\u0119 zabezpieczamy naturalnym impregnatem na bazie wosku pszczelego, kt\u00f3ry wydobywa unikatowy rysunek drewna. Do\u0142\u0105czamy zestaw ko\u0142k\u00f3w rozporowych niezb\u0119dnych do niewidocznego monta\u017cu p\u00f3\u0142ki. Szczeg\u00f3\u0142owa instrukcja umo\u017cliwia samodzielne zawieszenie p\u00f3\u0142ki.<br \/>\n<!--more--><\/p>\n<h2>wymiary:<\/h2>\n<p>94 x 22 x 4 cm<br \/>\nwaga: 7 kg<br \/>\nniestandardowe wymiary dost\u0119pne na zam\u00f3wienie<\/p>\n<h2>materia\u0142y:<\/h2>\n<p>R\u00f3\u017cowo-br\u0105zowe s\u0142oje kontrastuj\u0105ce z ja\u015bniejszymi smugami, zielonkawe pasma\u2026 Drewno czere\u015bniowe bywa bardzo r\u00f3\u017cnorodne. Delikatne, mi\u0119kkie, wra\u017cliwe na trudne warunki atmosferyczne, cudownie g\u0142adkie w dotyku. Czere\u015bnia to prawdziwa dama, kt\u00f3ra t\u0119skni do gustownych wn\u0119trz, sympatycznych wsp\u00f3\u0142lokator\u00f3w i mi\u0119kkich, dobrze wywa\u017conych ros<span lang=\"pl-PL\">\u00e9\u00a0<\/span>prosto z Chile.<\/p>\n<h2>piel\u0119gnacja:<\/h2>\n<p>Aby usun\u0105\u0107 kurz, u\u017cyj lekko wilgotnej szmatki. Drewno nielakierowane nale\u017cy regularnie od\u017cywia\u0107, by zachowa\u0107 jego pi\u0119kno. Zach\u0119camy do woskowania powierzchni p\u00f3\u0142ki raz w roku lub raz na dwa lata. Je\u015bli potrzebujesz dodatkowych informacji na temat piel\u0119gnacji produkt\u00f3w TU LAS, napisz do nas na team@tulas.eu.<\/p>\n<h2>monta\u017c:<\/h2>\n<p>Materia\u0142y monta\u017cowe w zestawie. Za\u0142\u0105czone ko\u0142ki rozporowe nie s\u0105 odpowiednie dla p\u0142yt kartongipsowych. Zaznaczamy, \u017ce p\u00f3\u0142ki s\u0105 ci\u0119\u017ckie.<\/p>\n<h2>wa\u017cne informacje:<\/h2>\n<p>TU LAS pracuje wy\u0142\u0105cznie z drewnem naturalnym, dlatego ka\u017cdy egzemplarz produktu jest wyj\u0105tkowy i jedyny w swoim rodzaju. Uwielbiamy nieregularne, nieco chaotyczne us\u0142ojenie, delikatne p\u0119kni\u0119cia i kapry\u015bne s\u0119ki. Je\u015bli wolisz, aby twoje drewno mia\u0142o bardziej przewidywalny, spokojny charakter, napisz do nas, sprawdzimy, co mo\u017cemy zaproponowa\u0107.<\/p>\n","protected":false},"excerpt":{"rendered":"<p>Prosty design, spektakularny efekt. P\u00f3\u0142ka wykonana z jednego bloku drewna czere\u015bniowego. Doskonale komponuje si\u0119 z innymi produktami TU LAS, dzi\u0119ki czemu mo\u017cesz stworzy\u0107 niezapomniane aran\u017cacje w swojej kuchni, bibliotece domowej czy pokoju dzieci\u0119cym. Ka\u017cd\u0105 p\u00f3\u0142k\u0119 zabezpieczamy naturalnym impregnatem na bazie wosku pszczelego, kt\u00f3ry wydobywa unikatowy rysunek drewna. Do\u0142\u0105czamy zestaw ko\u0142k\u00f3w rozporowych niezb\u0119dnych do niewidocznego monta\u017cu [&hellip;]<\/p>\n","protected":false},"featured_media":831,"template":"","meta":[],"product_cat":[64,74],"product_tag":[],"class_list":["post-2005","product","type-product","status-publish","has-post-thumbnail","hentry","product_cat-wild-cherry-pl","product_cat-model-b0-pl"],"_links":{"self":[{"href":"https:\/\/tulas.eu\/pl\/wp-json\/wp\/v2\/product\/2005","targetHints":{"allow":["GET"]}}],"collection":[{"href":"https:\/\/tulas.eu\/pl\/wp-json\/wp\/v2\/product"}],"about":[{"href":"https:\/\/tulas.eu\/pl\/wp-json\/wp\/v2\/types\/product"}],"wp:featuredmedia":[{"embeddable":true,"href":"https:\/\/tulas.eu\/pl\/wp-json\/wp\/v2\/media\/831"}],"wp:attachment":[{"href":"https:\/\/tulas.eu\/pl\/wp-json\/wp\/v2\/media?parent=2005"}],"wp:term":[{"taxonomy":"product_cat","embeddable":true,"href":"https:\/\/tulas.eu\/pl\/wp-json\/wp\/v2\/product_cat?post=2005"},{"taxonomy":"product_tag","embeddable":true,"href":"https:\/\/tulas.eu\/pl\/wp-json\/wp\/v2\/product_tag?post=2005"}],"curies":[{"name":"wp","href":"https:\/\/api.w.org\/{rel}","templated":true}]}}