{"id":2007,"date":"2021-06-21T09:44:24","date_gmt":"2021-06-21T07:44:24","guid":{"rendered":"https:\/\/tulas.eu\/product\/polka-wiszaca-b0-jeden-blok-drewna-dab\/"},"modified":"2021-06-21T09:44:24","modified_gmt":"2021-06-21T07:44:24","slug":"polka-wiszaca-b0-jeden-blok-drewna-dab","status":"publish","type":"product","link":"https:\/\/tulas.eu\/pl\/produkt\/polka-wiszaca-b0-jeden-blok-drewna-dab\/","title":{"rendered":"P\u00f3\u0142ka wisz\u0105ca B0, jeden blok drewna, d\u0105b"},"content":{"rendered":"<p>Prosty design, spektakularny efekt. P\u00f3\u0142ka wykonana z jednego bloku drewna d\u0119bowego. Doskonale komponuje si\u0119 z innymi produktami TU LAS, dzi\u0119ki czemu mo\u017cesz stworzy\u0107 niezapomniane aran\u017cacje w swojej kuchni, bibliotece domowej czy pokoju dzieci\u0119cym.<\/p>\n<p>Ka\u017cd\u0105 p\u00f3\u0142k\u0119 zabezpieczamy naturalnym impregnatem na bazie wosku pszczelego, kt\u00f3ry wydobywa unikatowy rysunek drewna. Do\u0142\u0105czamy zestaw ko\u0142k\u00f3w rozporowych niezb\u0119dnych do niewidocznego monta\u017cu p\u00f3\u0142ki. Szczeg\u00f3\u0142owa instrukcja umo\u017cliwia samodzielne zawieszenie p\u00f3\u0142ki.<\/p>\n<p><!--more--><\/p>\n<h2>wymiary:<\/h2>\n<p>94 x 22 x 4 cm<br \/>\nwaga: 7 kg<br \/>\nniestandardowe wymiary dost\u0119pne na zam\u00f3wienie<\/p>\n<h2>materia\u0142y:<\/h2>\n<p><span data-sheets-value=\"{&quot;1&quot;:2,&quot;2&quot;:&quot;Eternal king of the forest. Tough, heavy and powerful to touch. Before, it attracted thunderbolts; today, it creates the most beautiful duets with French full-bodied red wines. Cozy, rich and classy, oak wood is always a good choice. It fits all tastes, kitchens and tables, blending in perfectly with contemporary, Scandinavian or traditional interiors.&quot;}\" data-sheets-userformat=\"{&quot;2&quot;:15105,&quot;3&quot;:{&quot;1&quot;:0},&quot;11&quot;:4,&quot;12&quot;:0,&quot;14&quot;:{&quot;1&quot;:3,&quot;3&quot;:1},&quot;15&quot;:&quot;Arial&quot;,&quot;16&quot;:12}\">D\u0105b\u00a0<\/span>\u2013\u00a0<span data-sheets-value=\"{&quot;1&quot;:2,&quot;2&quot;:&quot;Eternal king of the forest. Tough, heavy and powerful to touch. Before, it attracted thunderbolts; today, it creates the most beautiful duets with French full-bodied red wines. Cozy, rich and classy, oak wood is always a good choice. It fits all tastes, kitchens and tables, blending in perfectly with contemporary, Scandinavian or traditional interiors.&quot;}\" data-sheets-userformat=\"{&quot;2&quot;:15105,&quot;3&quot;:{&quot;1&quot;:0},&quot;11&quot;:4,&quot;12&quot;:0,&quot;14&quot;:{&quot;1&quot;:3,&quot;3&quot;:1},&quot;15&quot;:&quot;Arial&quot;,&quot;16&quot;:12}\">d\u0142ugowieczny kr\u00f3l lasu. Ci\u0119\u017cki i twardy w dotyku. Kiedy\u015b przyci\u0105ga\u0142 pioruny, dzi\u015b tworzy niezapomniane duety z francuskimi czerwonymi winami o pe\u0142nym bukiecie. Ciep\u0142e, szykowne i eleganckie drewno d\u0119bowe jest zawsze dobrym wyborem. Pasuje do ka\u017cdych okoliczno\u015bci, niezale\u017cenie od gustu, wystroju pomieszczenia czy dekoracji sto\u0142u. Idealnie komponuje si\u0119 ze wsp\u00f3\u0142czesnymi, skandynawskimi i bardziej tradycyjnymi wn\u0119trzami, a tak\u017ce domem w stylu boho.<\/span><\/p>\n<h2>piel\u0119gnacja:<\/h2>\n<p>Aby usun\u0105\u0107 kurz, u\u017cyj lekko wilgotnej szmatki. Drewno nielakierowane nale\u017cy regularnie od\u017cywia\u0107, by zachowa\u0107 jego pi\u0119kno. Zach\u0119camy do woskowania powierzchni p\u00f3\u0142ki raz w roku lub raz na dwa lata. Je\u015bli potrzebujesz dodatkowych informacji na temat piel\u0119gnacji produkt\u00f3w TU LAS, napisz do nas na team@tulas.eu.<\/p>\n<h2>monta\u017c:<\/h2>\n<p>Materia\u0142y monta\u017cowe w zestawie. Za\u0142\u0105czone ko\u0142ki rozporowe nie s\u0105 odpowiednie dla p\u0142yt kartongipsowych. Zaznaczamy, \u017ce p\u00f3\u0142ki s\u0105 ci\u0119\u017ckie.<\/p>\n<h2>wa\u017cne informacje:<\/h2>\n<p>TU LAS pracuje wy\u0142\u0105cznie z drewnem naturalnym, dlatego ka\u017cdy egzemplarz produktu jest wyj\u0105tkowy i jedyny w swoim rodzaju. Uwielbiamy nieregularne, nieco chaotyczne us\u0142ojenie, delikatne p\u0119kni\u0119cia i kapry\u015bne s\u0119ki. Je\u015bli wolisz, aby twoje drewno mia\u0142o bardziej przewidywalny, spokojny charakter, napisz do nas, sprawdzimy, co mo\u017cemy zaproponowa\u0107.<\/p>\n","protected":false},"excerpt":{"rendered":"<p>Prosty design, spektakularny efekt. P\u00f3\u0142ka wykonana z jednego bloku drewna d\u0119bowego. Doskonale komponuje si\u0119 z innymi produktami TU LAS, dzi\u0119ki czemu mo\u017cesz stworzy\u0107 niezapomniane aran\u017cacje w swojej kuchni, bibliotece domowej czy pokoju dzieci\u0119cym. Ka\u017cd\u0105 p\u00f3\u0142k\u0119 zabezpieczamy naturalnym impregnatem na bazie wosku pszczelego, kt\u00f3ry wydobywa unikatowy rysunek drewna. Do\u0142\u0105czamy zestaw ko\u0142k\u00f3w rozporowych niezb\u0119dnych do niewidocznego monta\u017cu [&hellip;]<\/p>\n","protected":false},"featured_media":1421,"template":"","meta":[],"product_cat":[48,53],"product_tag":[],"class_list":["post-2007","product","type-product","status-publish","has-post-thumbnail","hentry","product_cat-oak","product_cat-model-b0"],"_links":{"self":[{"href":"https:\/\/tulas.eu\/pl\/wp-json\/wp\/v2\/product\/2007","targetHints":{"allow":["GET"]}}],"collection":[{"href":"https:\/\/tulas.eu\/pl\/wp-json\/wp\/v2\/product"}],"about":[{"href":"https:\/\/tulas.eu\/pl\/wp-json\/wp\/v2\/types\/product"}],"wp:featuredmedia":[{"embeddable":true,"href":"https:\/\/tulas.eu\/pl\/wp-json\/wp\/v2\/media\/1421"}],"wp:attachment":[{"href":"https:\/\/tulas.eu\/pl\/wp-json\/wp\/v2\/media?parent=2007"}],"wp:term":[{"taxonomy":"product_cat","embeddable":true,"href":"https:\/\/tulas.eu\/pl\/wp-json\/wp\/v2\/product_cat?post=2007"},{"taxonomy":"product_tag","embeddable":true,"href":"https:\/\/tulas.eu\/pl\/wp-json\/wp\/v2\/product_tag?post=2007"}],"curies":[{"name":"wp","href":"https:\/\/api.w.org\/{rel}","templated":true}]}}