{"id":2016,"date":"2021-06-21T09:17:50","date_gmt":"2021-06-21T07:17:50","guid":{"rendered":"https:\/\/tulas.eu\/product\/polka-na-kieliszki-model-b12-jeden-blok-drewna-dab\/"},"modified":"2022-07-11T13:21:03","modified_gmt":"2022-07-11T11:21:03","slug":"polka-na-kieliszki-model-b12-jeden-blok-drewna-dab","status":"publish","type":"product","link":"https:\/\/tulas.eu\/pl\/produkt\/polka-na-kieliszki-model-b12-jeden-blok-drewna-dab\/","title":{"rendered":"P\u00f3\u0142ka na kieliszki MODEL B12, jeden blok drewna, d\u0105b"},"content":{"rendered":"<p>Minimalistyczna, niepowtarzalna p\u00f3\u0142ka na kieliszki do wina. Wykonana z jednego bloku drewna, co zapewnia jej trwa\u0142o\u015b\u0107 i niepowtarzalny charakter. Mie\u015bci dwana\u015bcie kieliszk\u00f3w do wina. MODEL B12 to wysokiej jako\u015bci wykonanie i dba\u0142o\u015b\u0107 o najdrobniejsze szczeg\u00f3\u0142y.<\/p>\n<p>Ka\u017cd\u0105 p\u00f3\u0142k\u0119 zabezpieczamy naturalnym impregnatem na bazie wosku pszczelego, kt\u00f3ry wydobywa unikatowy rysunek drewna. MODEL B12 to p\u00f3\u0142ka wisz\u0105ca, z niewidocznym mocowaniem. Do zestawu do\u0142\u0105czamy komplet ko\u0142k\u00f3w rozporowych niezb\u0119dnych do \u0142atwego samodzielnego monta\u017cu.<!--more--><\/p>\n<h2>wymiary:<\/h2>\n<p>94 x 22 x 4 cm<br \/>\ntunele na kieliszki (\u015brednica): 86 mm<br \/>\nwaga: 6 kg<br \/>\nniestandardowe wymiary dost\u0119pne na zam\u00f3wienie<\/p>\n<h2>materia\u0142y:<\/h2>\n<p><span data-sheets-value=\"{&quot;1&quot;:2,&quot;2&quot;:&quot;Eternal king of the forest. Tough, heavy and powerful to touch. Before, it attracted thunderbolts; today, it creates the most beautiful duets with French full-bodied red wines. Cozy, rich and classy, oak wood is always a good choice. It fits all tastes, kitchens and tables, blending in perfectly with contemporary, Scandinavian or traditional interiors.&quot;}\" data-sheets-userformat=\"{&quot;2&quot;:15105,&quot;3&quot;:{&quot;1&quot;:0},&quot;11&quot;:4,&quot;12&quot;:0,&quot;14&quot;:{&quot;1&quot;:3,&quot;3&quot;:1},&quot;15&quot;:&quot;Arial&quot;,&quot;16&quot;:12}\">D\u0105b\u00a0<\/span>\u2013\u00a0<span data-sheets-value=\"{&quot;1&quot;:2,&quot;2&quot;:&quot;Eternal king of the forest. Tough, heavy and powerful to touch. Before, it attracted thunderbolts; today, it creates the most beautiful duets with French full-bodied red wines. Cozy, rich and classy, oak wood is always a good choice. It fits all tastes, kitchens and tables, blending in perfectly with contemporary, Scandinavian or traditional interiors.&quot;}\" data-sheets-userformat=\"{&quot;2&quot;:15105,&quot;3&quot;:{&quot;1&quot;:0},&quot;11&quot;:4,&quot;12&quot;:0,&quot;14&quot;:{&quot;1&quot;:3,&quot;3&quot;:1},&quot;15&quot;:&quot;Arial&quot;,&quot;16&quot;:12}\">d\u0142ugowieczny kr\u00f3l lasu. Ci\u0119\u017cki i twardy w dotyku. Kiedy\u015b przyci\u0105ga\u0142 pioruny, dzi\u015b tworzy niezapomniane duety z francuskimi czerwonymi winami o pe\u0142nym bukiecie. Ciep\u0142e, szykowne i eleganckie drewno d\u0119bowe jest zawsze dobrym wyborem. Pasuje do ka\u017cdych okoliczno\u015bci, niezale\u017cenie od gustu, wystroju pomieszczenia czy dekoracji sto\u0142u. Idealnie komponuje si\u0119 ze wsp\u00f3\u0142czesnymi, skandynawskimi i bardziej tradycyjnymi wn\u0119trzami, a tak\u017ce stylem boho.<\/span><\/p>\n<h2>piel\u0119gnacja:<\/h2>\n<p>Aby usun\u0105\u0107 kurz, u\u017cyj lekko wilgotnej szmatki. Drewno nielakierowane nale\u017cy regularnie od\u017cywia\u0107, by zachowa\u0107 jego pi\u0119kno. Zach\u0119camy do woskowania powierzchni p\u00f3\u0142ki raz w roku lub raz na dwa lata. Je\u015bli potrzebujesz dodatkowych informacji na temat piel\u0119gnacji produkt\u00f3w TU LAS, napisz do nas na team@tulas.eu.<\/p>\n<h2>monta\u017c:<\/h2>\n<p>Materia\u0142y monta\u017cowe w zestawie. Za\u0142\u0105czone ko\u0142ki rozporowe nie s\u0105 odpowiednie dla p\u0142yt kartongipsowych. Zaznaczamy, \u017ce p\u00f3\u0142ki s\u0105 ci\u0119\u017ckie.<\/p>\n<h2>wa\u017cne informacje:<\/h2>\n<p>TU LAS pracuje wy\u0142\u0105cznie z drewnem naturalnym, dlatego ka\u017cdy egzemplarz produktu jest wyj\u0105tkowy i jedyny w swoim rodzaju. Uwielbiamy nieregularne, nieco chaotyczne us\u0142ojenie, delikatne p\u0119kni\u0119cia i kapry\u015bne s\u0119ki. Je\u015bli wolisz, aby twoje drewno mia\u0142o bardziej przewidywalny, spokojny charakter, napisz do nas, sprawdzimy, co mo\u017cemy zaproponowa\u0107.<\/p>\n<p>&nbsp;<\/p>\n","protected":false},"excerpt":{"rendered":"<p>Minimalistyczna, niepowtarzalna p\u00f3\u0142ka na kieliszki do wina. Wykonana z jednego bloku drewna, co zapewnia jej trwa\u0142o\u015b\u0107 i niepowtarzalny charakter. Mie\u015bci dwana\u015bcie kieliszk\u00f3w do wina. MODEL B12 to wysokiej jako\u015bci wykonanie i dba\u0142o\u015b\u0107 o najdrobniejsze szczeg\u00f3\u0142y. Ka\u017cd\u0105 p\u00f3\u0142k\u0119 zabezpieczamy naturalnym impregnatem na bazie wosku pszczelego, kt\u00f3ry wydobywa unikatowy rysunek drewna. MODEL B12 to p\u00f3\u0142ka wisz\u0105ca, z [&hellip;]<\/p>\n","protected":false},"featured_media":1538,"template":"","meta":[],"product_cat":[48,54],"product_tag":[],"class_list":["post-2016","product","type-product","status-publish","has-post-thumbnail","hentry","product_cat-oak","product_cat-model-b12"],"_links":{"self":[{"href":"https:\/\/tulas.eu\/pl\/wp-json\/wp\/v2\/product\/2016","targetHints":{"allow":["GET"]}}],"collection":[{"href":"https:\/\/tulas.eu\/pl\/wp-json\/wp\/v2\/product"}],"about":[{"href":"https:\/\/tulas.eu\/pl\/wp-json\/wp\/v2\/types\/product"}],"wp:featuredmedia":[{"embeddable":true,"href":"https:\/\/tulas.eu\/pl\/wp-json\/wp\/v2\/media\/1538"}],"wp:attachment":[{"href":"https:\/\/tulas.eu\/pl\/wp-json\/wp\/v2\/media?parent=2016"}],"wp:term":[{"taxonomy":"product_cat","embeddable":true,"href":"https:\/\/tulas.eu\/pl\/wp-json\/wp\/v2\/product_cat?post=2016"},{"taxonomy":"product_tag","embeddable":true,"href":"https:\/\/tulas.eu\/pl\/wp-json\/wp\/v2\/product_tag?post=2016"}],"curies":[{"name":"wp","href":"https:\/\/api.w.org\/{rel}","templated":true}]}}