{"id":2020,"date":"2021-06-21T10:44:59","date_gmt":"2021-06-21T08:44:59","guid":{"rendered":"https:\/\/tulas.eu\/product\/kamienny-schladzacz-do-wina-moon\/"},"modified":"2022-12-07T09:58:43","modified_gmt":"2022-12-07T08:58:43","slug":"kamienny-cooler-do-wina-moon","status":"publish","type":"product","link":"https:\/\/tulas.eu\/pl\/produkt\/kamienny-cooler-do-wina-moon\/","title":{"rendered":"Cooler do wina MOON, naturalny wapie\u0144 z Bolechowic"},"content":{"rendered":"<p>Cooler do butelek wykonany z jednego kawa\u0142ka naturalnego wapienia z Bolechowic. Idealny do serwowania sch\u0142odzonego wina czy szampana &#8211; utrzymuje butelki w optymalnej temperaturze przez d\u0142u\u017cszy czas. Doskonale prezentuje si\u0119 te\u017c jako industrialny wazon na kwiaty.<\/p>\n<p>Z uwagi na charakter materia\u0142u, z kt\u00f3rego jest wykonany, ka\u017cdy cooler do wina MOON jest niepowtarzalny. Na zdj\u0119ciach prezentowane s\u0105 przyk\u0142adowe warianty.<br \/>\n<!--more--><\/p>\n<h2>wymiary:<\/h2>\n<p>30 x 14 cm<\/p>\n","protected":false},"excerpt":{"rendered":"<p>Cooler do butelek wykonany z jednego kawa\u0142ka naturalnego wapienia z Bolechowic. Idealny do serwowania sch\u0142odzonego wina czy szampana &#8211; utrzymuje butelki w optymalnej temperaturze przez d\u0142u\u017cszy czas. Doskonale prezentuje si\u0119 te\u017c jako industrialny wazon na kwiaty. Z uwagi na charakter materia\u0142u, z kt\u00f3rego jest wykonany, ka\u017cdy cooler do wina MOON jest niepowtarzalny. Na zdj\u0119ciach prezentowane [&hellip;]<\/p>\n","protected":false},"featured_media":473,"template":"","meta":[],"product_cat":[58],"product_tag":[],"class_list":["post-2020","product","type-product","status-publish","has-post-thumbnail","hentry","product_cat-moon"],"_links":{"self":[{"href":"https:\/\/tulas.eu\/pl\/wp-json\/wp\/v2\/product\/2020","targetHints":{"allow":["GET"]}}],"collection":[{"href":"https:\/\/tulas.eu\/pl\/wp-json\/wp\/v2\/product"}],"about":[{"href":"https:\/\/tulas.eu\/pl\/wp-json\/wp\/v2\/types\/product"}],"wp:featuredmedia":[{"embeddable":true,"href":"https:\/\/tulas.eu\/pl\/wp-json\/wp\/v2\/media\/473"}],"wp:attachment":[{"href":"https:\/\/tulas.eu\/pl\/wp-json\/wp\/v2\/media?parent=2020"}],"wp:term":[{"taxonomy":"product_cat","embeddable":true,"href":"https:\/\/tulas.eu\/pl\/wp-json\/wp\/v2\/product_cat?post=2020"},{"taxonomy":"product_tag","embeddable":true,"href":"https:\/\/tulas.eu\/pl\/wp-json\/wp\/v2\/product_tag?post=2020"}],"curies":[{"name":"wp","href":"https:\/\/api.w.org\/{rel}","templated":true}]}}