{"id":2022,"date":"2021-06-21T10:43:10","date_gmt":"2021-06-21T08:43:10","guid":{"rendered":"https:\/\/tulas.eu\/product\/talerz-moon\/"},"modified":"2022-07-11T13:44:02","modified_gmt":"2022-07-11T11:44:02","slug":"talerz-moon","status":"publish","type":"product","link":"https:\/\/tulas.eu\/pl\/produkt\/talerz-moon\/","title":{"rendered":"Talerz MOON &#8211; okr\u0105g\u0142y kamienny talerz, naturalny wapie\u0144 z Bolechowic"},"content":{"rendered":"<p>Stworzony do serwowania przystawek, wykonany z pojedynczego bloku naturalnego wapienia z Bolechowic. Kamienne talerze oraz sch\u0142adzacz do wina MOON tworz\u0105 majestatyczny efekt w aran\u017cacji sto\u0142u.<\/p>\n<p>Z uwagi na niepowtarzalny rysunek kamienia, ka\u017cdy z naszych talerzy jest wyj\u0105tkowy. Na zdj\u0119ciach prezentowane s\u0105 przyk\u0142adowe warianty.<\/p>\n<p><!--more--><\/p>\n<h2>wymiary:<\/h2>\n<p>25 cm (\u015brednica)<\/p>\n","protected":false},"excerpt":{"rendered":"<p>Stworzony do serwowania przystawek, wykonany z pojedynczego bloku naturalnego wapienia z Bolechowic. Kamienne talerze oraz sch\u0142adzacz do wina MOON tworz\u0105 majestatyczny efekt w aran\u017cacji sto\u0142u. Z uwagi na niepowtarzalny rysunek kamienia, ka\u017cdy z naszych talerzy jest wyj\u0105tkowy. Na zdj\u0119ciach prezentowane s\u0105 przyk\u0142adowe warianty.<\/p>\n","protected":false},"featured_media":489,"template":"","meta":[],"product_cat":[58],"product_tag":[],"class_list":["post-2022","product","type-product","status-publish","has-post-thumbnail","hentry","product_cat-moon"],"_links":{"self":[{"href":"https:\/\/tulas.eu\/pl\/wp-json\/wp\/v2\/product\/2022","targetHints":{"allow":["GET"]}}],"collection":[{"href":"https:\/\/tulas.eu\/pl\/wp-json\/wp\/v2\/product"}],"about":[{"href":"https:\/\/tulas.eu\/pl\/wp-json\/wp\/v2\/types\/product"}],"wp:featuredmedia":[{"embeddable":true,"href":"https:\/\/tulas.eu\/pl\/wp-json\/wp\/v2\/media\/489"}],"wp:attachment":[{"href":"https:\/\/tulas.eu\/pl\/wp-json\/wp\/v2\/media?parent=2022"}],"wp:term":[{"taxonomy":"product_cat","embeddable":true,"href":"https:\/\/tulas.eu\/pl\/wp-json\/wp\/v2\/product_cat?post=2022"},{"taxonomy":"product_tag","embeddable":true,"href":"https:\/\/tulas.eu\/pl\/wp-json\/wp\/v2\/product_tag?post=2022"}],"curies":[{"name":"wp","href":"https:\/\/api.w.org\/{rel}","templated":true}]}}