{"id":2027,"date":"2021-06-18T11:59:14","date_gmt":"2021-06-18T09:59:14","guid":{"rendered":"https:\/\/tulas.eu\/product\/polka-na-wino-i-kieliszki-model-b-jeden-blok-drewna-orzech\/"},"modified":"2021-06-18T11:59:14","modified_gmt":"2021-06-18T09:59:14","slug":"polka-na-wino-i-kieliszki-model-b-jeden-blok-drewna-orzech","status":"publish","type":"product","link":"https:\/\/tulas.eu\/pl\/produkt\/polka-na-wino-i-kieliszki-model-b-jeden-blok-drewna-orzech\/","title":{"rendered":"P\u00f3\u0142ka na wino i kieliszki MODEL B, jeden blok drewna, orzech"},"content":{"rendered":"<p>P\u00f3\u0142ka na wino i kieliszki. Minimalistyczny, zapadaj\u0105cy w pami\u0119\u0107 design. Wykonana z jednego bloku drewna, co zapewnia\u00a0 trwa\u0142o\u015b\u0107 i niepowtarzalny charakter. Mie\u015bci cztery butelki i sze\u015b\u0107 kieliszk\u00f3w do wina. Przemy\u015blany projekt i wykonanie z pe\u0142n\u0105 dba\u0142o\u015bci\u0105 o najmniejsze szczeg\u00f3\u0142y.<\/p>\n<p>Ka\u017cd\u0105 p\u00f3\u0142k\u0119 zabezpieczamy naturalnym impregnatem na bazie wosku pszczelego, kt\u00f3ry podkre\u015bla unikatowe us\u0142ojenie naszego drewna. MODEL B to wisz\u0105ca p\u00f3\u0142ka z niewidocznym mocowaniem. Do paczki do\u0142\u0105czamy zestaw ko\u0142k\u00f3w rozporowych niezb\u0119dnych do \u0142atwego samodzielnego monta\u017cu.<\/p>\n<p><!--more--><\/p>\n<h2>wymiary:<\/h2>\n<p>94 x 22 x 4 cm<br \/>\ntunele na kieliszki (\u015brednica): 88 mm<br \/>\nwaga: 6 kg<br \/>\nniestandardowe wymiary dost\u0119pne na zam\u00f3wienie<\/p>\n<h2>materia\u0142y:<\/h2>\n<p>Intensywny, s\u0142oneczny orzech. To najbardziej zr\u00f3\u017cnicowany rodzaj drewna, dlatego ka\u017cda orzechowa p\u00f3\u0142ka b\u0119dzie wygl\u0105da\u0107 nieco inaczej. Dla wszystkich, kt\u00f3rych ulubionym winem jest w\u0142a\u015bnie to, kt\u00f3re w tej chwili smakuje najlepiej.<\/p>\n<h2>piel\u0119gnacja:<\/h2>\n<p>Aby usun\u0105\u0107 kurz, u\u017cyj lekko wilgotnej szmatki. Drewno nielakierowane nale\u017cy regularnie od\u017cywia\u0107, by zachowa\u0107 jego pi\u0119kno. Zach\u0119camy do woskowania powierzchni p\u00f3\u0142ki raz w roku lub raz na dwa lata. Je\u015bli potrzebujesz dodatkowych informacji na temat piel\u0119gnacji produkt\u00f3w TU LAS, napisz do nas na team@tulas.eu.<\/p>\n<h2>monta\u017c:<\/h2>\n<p>Materia\u0142y monta\u017cowe w zestawie. Za\u0142\u0105czone ko\u0142ki rozporowe nie s\u0105 odpowiednie dla p\u0142yt kartongipsowych. Zaznaczamy, \u017ce p\u00f3\u0142ki s\u0105 ci\u0119\u017ckie.<\/p>\n<h2>wa\u017cne informacje:<\/h2>\n<p>TU LAS pracuje wy\u0142\u0105cznie z drewnem naturalnym, dlatego ka\u017cdy egzemplarz produktu jest wyj\u0105tkowy i jedyny w swoim rodzaju. Uwielbiamy nieregularne, nieco chaotyczne us\u0142ojenie, delikatne p\u0119kni\u0119cia i kapry\u015bne s\u0119ki. Je\u015bli wolisz, aby twoje drewno mia\u0142o bardziej przewidywalny, spokojny charakter, napisz do nas, sprawdzimy, co mo\u017cemy zaproponowa\u0107.<\/p>\n","protected":false},"excerpt":{"rendered":"<p>P\u00f3\u0142ka na wino i kieliszki. Minimalistyczny, zapadaj\u0105cy w pami\u0119\u0107 design. Wykonana z jednego bloku drewna, co zapewnia\u00a0 trwa\u0142o\u015b\u0107 i niepowtarzalny charakter. Mie\u015bci cztery butelki i sze\u015b\u0107 kieliszk\u00f3w do wina. Przemy\u015blany projekt i wykonanie z pe\u0142n\u0105 dba\u0142o\u015bci\u0105 o najmniejsze szczeg\u00f3\u0142y. Ka\u017cd\u0105 p\u00f3\u0142k\u0119 zabezpieczamy naturalnym impregnatem na bazie wosku pszczelego, kt\u00f3ry podkre\u015bla unikatowe us\u0142ojenie naszego drewna. MODEL [&hellip;]<\/p>\n","protected":false},"featured_media":996,"template":"","meta":[],"product_cat":[77,70],"product_tag":[],"class_list":["post-2027","product","type-product","status-publish","has-post-thumbnail","hentry","product_cat-model-b-pl","product_cat-walnut-pl"],"_links":{"self":[{"href":"https:\/\/tulas.eu\/pl\/wp-json\/wp\/v2\/product\/2027","targetHints":{"allow":["GET"]}}],"collection":[{"href":"https:\/\/tulas.eu\/pl\/wp-json\/wp\/v2\/product"}],"about":[{"href":"https:\/\/tulas.eu\/pl\/wp-json\/wp\/v2\/types\/product"}],"wp:featuredmedia":[{"embeddable":true,"href":"https:\/\/tulas.eu\/pl\/wp-json\/wp\/v2\/media\/996"}],"wp:attachment":[{"href":"https:\/\/tulas.eu\/pl\/wp-json\/wp\/v2\/media?parent=2027"}],"wp:term":[{"taxonomy":"product_cat","embeddable":true,"href":"https:\/\/tulas.eu\/pl\/wp-json\/wp\/v2\/product_cat?post=2027"},{"taxonomy":"product_tag","embeddable":true,"href":"https:\/\/tulas.eu\/pl\/wp-json\/wp\/v2\/product_tag?post=2027"}],"curies":[{"name":"wp","href":"https:\/\/api.w.org\/{rel}","templated":true}]}}