{"id":2040,"date":"2021-06-21T10:27:11","date_gmt":"2021-06-21T08:27:11","guid":{"rendered":"https:\/\/tulas.eu\/product\/podluzna-taca-oste-chlodny-orzech-niskie-nozki\/"},"modified":"2021-06-21T10:27:11","modified_gmt":"2021-06-21T08:27:11","slug":"podluzna-taca-oste-chlodny-orzech-niskie-nozki","status":"publish","type":"product","link":"https:\/\/tulas.eu\/pl\/produkt\/podluzna-taca-oste-chlodny-orzech-niskie-nozki\/","title":{"rendered":"Pod\u0142u\u017cna taca OSTE \u2013 ch\u0142odny orzech, niskie n\u00f3\u017cki"},"content":{"rendered":"<p>Proste, geometryczne kszta\u0142ty, drewno orzechowe, kamienne n\u00f3\u017cki o r\u00f3\u017cnych wysoko\u015bciach\u00a0\u2013\u00a0to nasz pomys\u0142 na kompletn\u0105 aran\u017cacj\u0119 sto\u0142u. Tace OSTE doskonale nadaj\u0105 si\u0119 do serwowania ser\u00f3w, pieczywa, przystawek, tapas, w\u0119dlin, suszonych owoc\u00f3w czy wypiek\u00f3w.<\/p>\n<p>Ka\u017cda taca jest wykonana z jednego kawa\u0142ka drewna orzechowego i zabezpieczona naturalnym olejem przeznaczonym do kontaktu z \u017cywno\u015bci\u0105.<!--more--><\/p>\n<p>taca pod\u0142u\u017cna 12 x 43 cm<br \/>\ndost\u0119pne r\u00f3wnie\u017c: okr\u0105g\u0142a 25 cm (\u015brednica), kwadratowa 27 x 27 cm<br \/>\nwysoko\u015b\u0107 n\u00f3\u017cek:<br \/>\nniskie 3 cm<br \/>\ndost\u0119pne r\u00f3wnie\u017c:<br \/>\nwysokie 5 cm<\/p>\n","protected":false},"excerpt":{"rendered":"<p>Proste, geometryczne kszta\u0142ty, drewno orzechowe, kamienne n\u00f3\u017cki o r\u00f3\u017cnych wysoko\u015bciach\u00a0\u2013\u00a0to nasz pomys\u0142 na kompletn\u0105 aran\u017cacj\u0119 sto\u0142u. Tace OSTE doskonale nadaj\u0105 si\u0119 do serwowania ser\u00f3w, pieczywa, przystawek, tapas, w\u0119dlin, suszonych owoc\u00f3w czy wypiek\u00f3w. Ka\u017cda taca jest wykonana z jednego kawa\u0142ka drewna orzechowego i zabezpieczona naturalnym olejem przeznaczonym do kontaktu z \u017cywno\u015bci\u0105.<\/p>\n","protected":false},"featured_media":1556,"template":"","meta":[],"product_cat":[49,43],"product_tag":[],"class_list":["post-2040","product","type-product","status-publish","has-post-thumbnail","hentry","product_cat-walnut","product_cat-oste-serving-pieces"],"_links":{"self":[{"href":"https:\/\/tulas.eu\/pl\/wp-json\/wp\/v2\/product\/2040","targetHints":{"allow":["GET"]}}],"collection":[{"href":"https:\/\/tulas.eu\/pl\/wp-json\/wp\/v2\/product"}],"about":[{"href":"https:\/\/tulas.eu\/pl\/wp-json\/wp\/v2\/types\/product"}],"wp:featuredmedia":[{"embeddable":true,"href":"https:\/\/tulas.eu\/pl\/wp-json\/wp\/v2\/media\/1556"}],"wp:attachment":[{"href":"https:\/\/tulas.eu\/pl\/wp-json\/wp\/v2\/media?parent=2040"}],"wp:term":[{"taxonomy":"product_cat","embeddable":true,"href":"https:\/\/tulas.eu\/pl\/wp-json\/wp\/v2\/product_cat?post=2040"},{"taxonomy":"product_tag","embeddable":true,"href":"https:\/\/tulas.eu\/pl\/wp-json\/wp\/v2\/product_tag?post=2040"}],"curies":[{"name":"wp","href":"https:\/\/api.w.org\/{rel}","templated":true}]}}