{"id":2048,"date":"2021-06-21T10:05:41","date_gmt":"2021-06-21T08:05:41","guid":{"rendered":"https:\/\/tulas.eu\/product\/podluzna-taca-oste-cieply-orzech-niskie-nozki\/"},"modified":"2022-07-11T16:17:46","modified_gmt":"2022-07-11T14:17:46","slug":"podluzna-taca-oste-cieply-orzech-niskie-nozki","status":"publish","type":"product","link":"https:\/\/tulas.eu\/pl\/produkt\/podluzna-taca-oste-cieply-orzech-niskie-nozki\/","title":{"rendered":"Pod\u0142u\u017cna taca OSTE \u2013 ciep\u0142y orzech, niskie n\u00f3\u017cki"},"content":{"rendered":"<p>Proste, geometryczne kszta\u0142ty, drewno orzechowe, kamienne n\u00f3\u017cki o r\u00f3\u017cnych wysoko\u015bciach\u00a0\u2013\u00a0to nasz pomys\u0142 na kompletn\u0105 aran\u017cacj\u0119 sto\u0142u. Tace OSTE doskonale nadaj\u0105 si\u0119 do serwowania ser\u00f3w, pieczywa, przystawek, tapas, w\u0119dlin, suszonych owoc\u00f3w czy wypiek\u00f3w.<\/p>\n<p>Ka\u017cda taca jest wykonana z jednego kawa\u0142ka drewna orzechowego i zabezpieczona naturalnym olejem przeznaczonym do kontaktu z \u017cywno\u015bci\u0105.<\/p>\n<p><!--more--><\/p>\n<h2>wymiary:<\/h2>\n<p>pod\u0142u\u017cna 12 x 45 cm<br \/>\ndost\u0119pne r\u00f3wnie\u017c: okr\u0105g\u0142a 25 cm (\u015brednica ), kwadratowa 27 x 27 cm<br \/>\nwysoko\u015b\u0107 n\u00f3\u017cek:<br \/>\nniskie 3 cm<br \/>\ndost\u0119pne r\u00f3wnie\u017c:<br \/>\nwysokie 5 cm<\/p>\n<h2>materia\u0142y:<\/h2>\n<p>Kontrastowy, elegancki duet czarnego granitu Impala w matowym wyko\u0144czeniu oraz drewna orzechowego o ciep\u0142ym odcieniu.<\/p>\n<h2>piel\u0119gnacja:<\/h2>\n<p>Tace OSTE nie s\u0105 przeznaczone do mycia w zmywarce. Zalecamy ostro\u017cne mycie r\u0119czne. Nie nara\u017ca\u0107 na d\u0142ugotrwa\u0142y kontakt z wod\u0105. Po ka\u017cdym umyciu wytrze\u0107 i osuszy\u0107.<\/p>\n<h2>wa\u017cne informacje:<\/h2>\n<p>TU LAS pracuje wy\u0142\u0105cznie z drewnem naturalnym, dlatego ka\u017cdy egzemplarz produktu jest wyj\u0105tkowy i jedyny w swoim rodzaju. Uwielbiamy nieregularne, nieco chaotyczne us\u0142ojenie, delikatne p\u0119kni\u0119cia i kapry\u015bne s\u0119ki. Je\u015bli wolisz, aby twoje drewno mia\u0142o bardziej przewidywalny, spokojny charakter, napisz do nas, sprawdzimy, co mo\u017cemy zaproponowa\u0107.<\/p>\n","protected":false},"excerpt":{"rendered":"<p>Proste, geometryczne kszta\u0142ty, drewno orzechowe, kamienne n\u00f3\u017cki o r\u00f3\u017cnych wysoko\u015bciach\u00a0\u2013\u00a0to nasz pomys\u0142 na kompletn\u0105 aran\u017cacj\u0119 sto\u0142u. Tace OSTE doskonale nadaj\u0105 si\u0119 do serwowania ser\u00f3w, pieczywa, przystawek, tapas, w\u0119dlin, suszonych owoc\u00f3w czy wypiek\u00f3w. Ka\u017cda taca jest wykonana z jednego kawa\u0142ka drewna orzechowego i zabezpieczona naturalnym olejem przeznaczonym do kontaktu z \u017cywno\u015bci\u0105.<\/p>\n","protected":false},"featured_media":1676,"template":"","meta":[],"product_cat":[49,43],"product_tag":[],"class_list":["post-2048","product","type-product","status-publish","has-post-thumbnail","hentry","product_cat-walnut","product_cat-oste-serving-pieces"],"_links":{"self":[{"href":"https:\/\/tulas.eu\/pl\/wp-json\/wp\/v2\/product\/2048","targetHints":{"allow":["GET"]}}],"collection":[{"href":"https:\/\/tulas.eu\/pl\/wp-json\/wp\/v2\/product"}],"about":[{"href":"https:\/\/tulas.eu\/pl\/wp-json\/wp\/v2\/types\/product"}],"wp:featuredmedia":[{"embeddable":true,"href":"https:\/\/tulas.eu\/pl\/wp-json\/wp\/v2\/media\/1676"}],"wp:attachment":[{"href":"https:\/\/tulas.eu\/pl\/wp-json\/wp\/v2\/media?parent=2048"}],"wp:term":[{"taxonomy":"product_cat","embeddable":true,"href":"https:\/\/tulas.eu\/pl\/wp-json\/wp\/v2\/product_cat?post=2048"},{"taxonomy":"product_tag","embeddable":true,"href":"https:\/\/tulas.eu\/pl\/wp-json\/wp\/v2\/product_tag?post=2048"}],"curies":[{"name":"wp","href":"https:\/\/api.w.org\/{rel}","templated":true}]}}