{"id":5901,"date":"2023-02-06T10:43:43","date_gmt":"2023-12-14T16:05:06","guid":{"rendered":"https:\/\/tulas.eu\/product\/deski-do-serwowania-cut\/"},"modified":"2023-12-20T10:42:29","modified_gmt":"2023-12-20T09:42:29","slug":"deski-do-serwowania-cut","status":"publish","type":"product","link":"https:\/\/tulas.eu\/pl\/produkt\/deski-do-serwowania-cut\/","title":{"rendered":"Deski do serwowania CUT"},"content":{"rendered":"<p>Dwie wykonane z litego drewna deski do krojenia i serwowania. Palony czarny jesion i klasyczny d\u0105b. Elegancki zestaw do wygodnego krojenia i podawania warzyw, owoc\u00f3w, w\u0119dlin i ser\u00f3w. Mo\u017ce te\u017c s\u0142u\u017cy\u0107 jako tace. Do codziennego u\u017cytku.<\/p>\n<p>Czarna deska CUT jest opalana i szczotkowana wed\u0142ug japo\u0144skiej techniki zabezpieczania drewna Shou Sugi Ban. Deski pokryte s\u0105 olejem przeznaczonym do kontaktu z \u017cywno\u015bci\u0105. Dzi\u0119ki delikatnym podci\u0119ciom brzeg\u00f3w deski, mimo swojego ci\u0119\u017caru, s\u0105 wygodne w u\u017cytkowaniu. Produkt wyko\u0144czony r\u0119cznie.<\/p>\n<p><!--more--><\/p>\n<h2>wymiary:<\/h2>\n<p>deska okr\u0105g\u0142a: 21 cm (\u015brednica)<br \/>\ndeska owalna: 21 x 40 cm<br \/>\ngrubo\u015b\u0107: 3 cm<\/p>\n<h2>materia\u0142y:<\/h2>\n<p>Deska okr\u0105g\u0142a: jesion z lokalnego tartaku w odcieniu g\u0142\u0119bokiej czerni. Opalony z wykorzystaniem japo\u0144skiej techniki Shou Sugi Ban (lub yakisugi), kt\u00f3ra zabezpiecza drewno i pomaga wydoby\u0107 jego niepowtarzalny rysunek.<\/p>\n<p>Deska owalna: d\u0105b z lokalnego tartaku. To eleganckie drewno jest zawsze dobrym wyborem. Pasuje do wszystkich gust\u00f3w, kuchni i sto\u0142\u00f3w, a jego jasny odcie\u0144 stanowi kontrast dla g\u0142\u0119bokiej czerni drewna Shou Sugi Ban.<\/p>\n<h2>piel\u0119gnacja:<\/h2>\n<p>Deski CUT nie s\u0105 przeznaczone do mycia w zmywarce. Zalecamy ostro\u017cne mycie r\u0119czne. Nie nara\u017ca\u0107 na d\u0142ugotrwa\u0142y kontakt z wod\u0105. Po ka\u017cdym u\u017cyciu wytrze\u0107 i osuszy\u0107.<\/p>\n<h2>wa\u017cne informacje:<\/h2>\n<p>TU LAS pracuje wy\u0142\u0105cznie z drewnem naturalnym, dlatego ka\u017cdy egzemplarz produktu jest wyj\u0105tkowy i jedyny w swoim rodzaju. Uwielbiamy nieregularne, nieco chaotyczne us\u0142ojenie, delikatne p\u0119kni\u0119cia i kapry\u015bne s\u0119ki. Je\u015bli wolisz, aby twoje drewno mia\u0142o bardziej przewidywalny, spokojny charakter, napisz do nas, sprawdzimy, co mo\u017cemy zaproponowa\u0107.<\/p>\n","protected":false},"excerpt":{"rendered":"<p>Wygodne deski do krojenia i serwowania o wielu zastosowaniach.<\/p>\n","protected":false},"featured_media":5311,"template":"","meta":[],"product_cat":[61,66,80],"product_tag":[],"class_list":["post-5901","product","type-product","status-publish","has-post-thumbnail","hentry","product_cat-oak-pl","product_cat-burned-ash-black-pl","product_cat-produkty"],"_links":{"self":[{"href":"https:\/\/tulas.eu\/pl\/wp-json\/wp\/v2\/product\/5901","targetHints":{"allow":["GET"]}}],"collection":[{"href":"https:\/\/tulas.eu\/pl\/wp-json\/wp\/v2\/product"}],"about":[{"href":"https:\/\/tulas.eu\/pl\/wp-json\/wp\/v2\/types\/product"}],"wp:featuredmedia":[{"embeddable":true,"href":"https:\/\/tulas.eu\/pl\/wp-json\/wp\/v2\/media\/5311"}],"wp:attachment":[{"href":"https:\/\/tulas.eu\/pl\/wp-json\/wp\/v2\/media?parent=5901"}],"wp:term":[{"taxonomy":"product_cat","embeddable":true,"href":"https:\/\/tulas.eu\/pl\/wp-json\/wp\/v2\/product_cat?post=5901"},{"taxonomy":"product_tag","embeddable":true,"href":"https:\/\/tulas.eu\/pl\/wp-json\/wp\/v2\/product_tag?post=5901"}],"curies":[{"name":"wp","href":"https:\/\/api.w.org\/{rel}","templated":true}]}}