{"id":6088,"date":"2021-08-10T11:05:29","date_gmt":"2023-12-19T12:40:33","guid":{"rendered":"https:\/\/tulas.eu\/product\/wings-zestaw-2-desek-do-krojenia-z-czarnego-jesionu\/"},"modified":"2023-12-20T10:45:12","modified_gmt":"2023-12-20T09:45:12","slug":"wings-zestaw-2-desek-czarny-jesion","status":"publish","type":"product","link":"https:\/\/tulas.eu\/pl\/produkt\/wings-zestaw-2-desek-czarny-jesion\/","title":{"rendered":"WINGS \u2013 zestaw 2 desek do krojenia, opalany (czarny) jesion"},"content":{"rendered":"<p>Zestaw dw\u00f3ch desek do krojenia i serwowania z litego drewna, idealny do codziennego u\u017cytku. Deski WINGS to tak\u017ce wyj\u0105tkowa dekoracja \u015bciany \u2013 powieszone razem, przywodz\u0105 na my\u015bl skrzyd\u0142a motyli. Us\u0142ojenie drewna przypomina delikatn\u0105 faktur\u0119 jednej z najdoskonalszych kreacji natury. Ka\u017cda deska do krojenia jest wykonana z pojedynczego bloku drewna i zabezpieczona wysokiej jako\u015bci olejem ro\u015blinnym przeznaczonym do kontaktu z \u017cywno\u015bci\u0105. Produkt wyko\u0144czony r\u0119cznie.<\/p>\n<p>Deski WINGS pakujemy w torb\u0119 z surowej bawe\u0142ny z oryginalnym nadrukiem zaprojektowanym (tak jak i same deski) przez Aleksandr\u0119 \u017beromsk\u0105.<\/p>\n<p><!--more--><\/p>\n<h2>wymiary:<\/h2>\n<p>52 x 19 cm + 52 x 29 cm<\/p>\n<h2>materia\u0142y:<\/h2>\n<p>Lity jesion, opalany zgodnie z Shou Sugi Ban, tradycyjn\u0105 japo\u0144sk\u0105 technik\u0105 stosowan\u0105 do wyka\u0144czania i konserwacji drewna. Nadaje ona deskom kolor g\u0142\u0119bokiej czerni. Po opaleniu drewno szczotkujemy, by wydoby\u0107 jego niepowtarzaln\u0105 struktur\u0119.<\/p>\n<h2>piel\u0119gnacja:<\/h2>\n<p>Deski do krojenia WINGS nie s\u0105 przeznaczone do mycia w zmywarce. Zalecamy ostro\u017cne mycie r\u0119czne. Nie nara\u017ca\u0107 na d\u0142ugotrwa\u0142y kontakt z wod\u0105. Po ka\u017cdym u\u017cyciu wytrze\u0107 i osuszy\u0107.<\/p>\n<h2>wa\u017cne informacje:<\/h2>\n<p>TU LAS pracuje wy\u0142\u0105cznie z drewnem naturalnym, dlatego ka\u017cdy egzemplarz produktu jest wyj\u0105tkowy i jedyny w swoim rodzaju. Uwielbiamy nieregularne, nieco chaotyczne us\u0142ojenie, delikatne p\u0119kni\u0119cia i kapry\u015bne s\u0119ki. Je\u015bli wolisz, aby twoje drewno mia\u0142o bardziej przewidywalny, spokojny charakter, napisz do nas, sprawdzimy, co mo\u017cemy zaproponowa\u0107.<\/p>\n<p>&nbsp;<\/p>\n","protected":false},"excerpt":{"rendered":"<p>Zestaw dw\u00f3ch desek do krojenia i serwowania z litego drewna, idealny do codziennego u\u017cytku. Deski WINGS to tak\u017ce wyj\u0105tkowa dekoracja \u015bciany \u2013 powieszone razem, przywodz\u0105 na my\u015bl skrzyd\u0142a motyli. Us\u0142ojenie drewna przypomina delikatn\u0105 faktur\u0119 jednej z najdoskonalszych kreacji natury. Ka\u017cda deska do krojenia jest wykonana z pojedynczego bloku drewna i zabezpieczona wysokiej jako\u015bci olejem ro\u015blinnym [&hellip;]<\/p>\n","protected":false},"featured_media":2185,"template":"","meta":[],"product_cat":[68,66,62],"product_tag":[],"class_list":["post-6088","product","type-product","status-publish","has-post-thumbnail","hentry","product_cat-ash-pl","product_cat-burned-ash-black-pl","product_cat-wings-pl"],"_links":{"self":[{"href":"https:\/\/tulas.eu\/pl\/wp-json\/wp\/v2\/product\/6088","targetHints":{"allow":["GET"]}}],"collection":[{"href":"https:\/\/tulas.eu\/pl\/wp-json\/wp\/v2\/product"}],"about":[{"href":"https:\/\/tulas.eu\/pl\/wp-json\/wp\/v2\/types\/product"}],"wp:featuredmedia":[{"embeddable":true,"href":"https:\/\/tulas.eu\/pl\/wp-json\/wp\/v2\/media\/2185"}],"wp:attachment":[{"href":"https:\/\/tulas.eu\/pl\/wp-json\/wp\/v2\/media?parent=6088"}],"wp:term":[{"taxonomy":"product_cat","embeddable":true,"href":"https:\/\/tulas.eu\/pl\/wp-json\/wp\/v2\/product_cat?post=6088"},{"taxonomy":"product_tag","embeddable":true,"href":"https:\/\/tulas.eu\/pl\/wp-json\/wp\/v2\/product_tag?post=6088"}],"curies":[{"name":"wp","href":"https:\/\/api.w.org\/{rel}","templated":true}]}}