{"id":6099,"date":"2022-11-23T09:16:54","date_gmt":"2023-12-20T09:53:27","guid":{"rendered":"https:\/\/tulas.eu\/product\/zestaw-do-pielegnacji-desek-i-talerzy\/"},"modified":"2023-12-20T10:53:27","modified_gmt":"2023-12-20T09:53:27","slug":"zestaw-do-pielegnacji-drewna-deski-talerze","status":"publish","type":"product","link":"https:\/\/tulas.eu\/pl\/produkt\/zestaw-do-pielegnacji-drewna-deski-talerze\/","title":{"rendered":"ZESTAW DO PIEL\u0118GNACJI desek i talerzy"},"content":{"rendered":"<p>Nadszed\u0142 czas, aby zadba\u0107 o rzeczy, kt\u00f3re kochamy!<br \/>\nA my kochamy drewno i chcemy cieszy\u0107 si\u0119 jego pi\u0119knem z szacunkiem i rozwag\u0105. Naprawa i renowacja to istotna cz\u0119\u015b\u0107 tego podej\u015bcia. Dlatego przygotowali\u015bmy zestaw do piel\u0119gnacji, kt\u00f3ry pozwoli ci od\u015bwie\u017cy\u0107 i od\u017cywi\u0107 twoje ulubione deski do krojenia i talerze TU LAS.<\/p>\n<p>Ten zestaw zawiera: RMC Universal Maintenance Oil do od\u015bwie\u017cania i od\u017cywiania drewna zabezpieczonego olejem, papier \u015bcierny oraz instrukcj\u0119 piel\u0119gnacji.<\/p>\n<p>Je\u015bli potrzebujesz dodatkowych informacji na temat piel\u0119gnacji naszych produkt\u00f3w (lub innych drewnianych ulubie\u0144c\u00f3w), napisz do nas na team@tulas.eu.<\/p>\n<p><!--more--><\/p>\n<p><span data-sheets-value=\"{\"1\":2,\"2\":\"A 60 ml jar of Kreidezeit Safflower Oil, a cotton cloth, a piece of sandpaper\"}\" data-sheets-userformat=\"{\"2\":15105,\"3\":{\"1\":0},\"11\":4,\"12\":0,\"14\":{\"1\":3,\"3\":1},\"15\":\"Arial\",\"16\":12}\">Rubio Monocoat Universal Maintenance Oil 100 ml<\/span><br \/>\n<span data-sheets-value=\"{\"1\":2,\"2\":\"A 60 ml jar of Kreidezeit Safflower Oil, a cotton cloth, a piece of sandpaper\"}\" data-sheets-userformat=\"{\"2\":15105,\"3\":{\"1\":0},\"11\":4,\"12\":0,\"14\":{\"1\":3,\"3\":1},\"15\":\"Arial\",\"16\":12}\">papier \u015bcierny<\/span><br \/>\n<span data-sheets-value=\"{\"1\":2,\"2\":\"A 60 ml jar of Kreidezeit Safflower Oil, a cotton cloth, a piece of sandpaper\"}\" data-sheets-userformat=\"{\"2\":15105,\"3\":{\"1\":0},\"11\":4,\"12\":0,\"14\":{\"1\":3,\"3\":1},\"15\":\"Arial\",\"16\":12}\">instrukcja piel\u0119gnacji<\/span><\/p>\n","protected":false},"excerpt":{"rendered":"<p>Nadszed\u0142 czas, aby zadba\u0107 o rzeczy, kt\u00f3re kochamy! A my kochamy drewno i chcemy cieszy\u0107 si\u0119 jego pi\u0119knem z szacunkiem i rozwag\u0105. Naprawa i renowacja to istotna cz\u0119\u015b\u0107 tego podej\u015bcia. Dlatego przygotowali\u015bmy zestaw do piel\u0119gnacji, kt\u00f3ry pozwoli ci od\u015bwie\u017cy\u0107 i od\u017cywi\u0107 twoje ulubione deski do krojenia i talerze TU LAS. Ten zestaw zawiera: RMC Universal [&hellip;]<\/p>\n","protected":false},"featured_media":2149,"template":"","meta":[],"product_cat":[92],"product_tag":[93],"class_list":["post-6099","product","type-product","status-publish","has-post-thumbnail","hentry","product_cat-zestawy-do-pielegnacji","product_tag-zestaw-do-pielegnacji"],"_links":{"self":[{"href":"https:\/\/tulas.eu\/pl\/wp-json\/wp\/v2\/product\/6099","targetHints":{"allow":["GET"]}}],"collection":[{"href":"https:\/\/tulas.eu\/pl\/wp-json\/wp\/v2\/product"}],"about":[{"href":"https:\/\/tulas.eu\/pl\/wp-json\/wp\/v2\/types\/product"}],"wp:featuredmedia":[{"embeddable":true,"href":"https:\/\/tulas.eu\/pl\/wp-json\/wp\/v2\/media\/2149"}],"wp:attachment":[{"href":"https:\/\/tulas.eu\/pl\/wp-json\/wp\/v2\/media?parent=6099"}],"wp:term":[{"taxonomy":"product_cat","embeddable":true,"href":"https:\/\/tulas.eu\/pl\/wp-json\/wp\/v2\/product_cat?post=6099"},{"taxonomy":"product_tag","embeddable":true,"href":"https:\/\/tulas.eu\/pl\/wp-json\/wp\/v2\/product_tag?post=6099"}],"curies":[{"name":"wp","href":"https:\/\/api.w.org\/{rel}","templated":true}]}}