{"id":6102,"date":"2022-11-23T09:21:41","date_gmt":"2023-12-20T10:01:32","guid":{"rendered":"https:\/\/tulas.eu\/product\/zestaw-do-pielegnacji-blatow\/"},"modified":"2023-12-20T11:01:32","modified_gmt":"2023-12-20T10:01:32","slug":"zestaw-do-pielegnacji-drewnianych-blatow","status":"publish","type":"product","link":"https:\/\/tulas.eu\/pl\/produkt\/zestaw-do-pielegnacji-drewnianych-blatow\/","title":{"rendered":"ZESTAW DO PIEL\u0118GNACJI blat\u00f3w"},"content":{"rendered":"<p>Nadszed\u0142 czas, aby zadba\u0107 o rzeczy, kt\u00f3re kochamy!<br \/>\nA my kochamy drewno i chcemy cieszy\u0107 si\u0119 jego pi\u0119knem z szacunkiem i rozwag\u0105. Naprawa i renowacja to istotna cz\u0119\u015b\u0107 tego podej\u015bcia. Dlatego przygotowali\u015bmy zestaw do piel\u0119gnacji, kt\u00f3ry pozwoli ci od\u015bwie\u017cy\u0107 i od\u017cywi\u0107 twoje drewniane blaty.<\/p>\n<p>Zestaw zawiera trzy ekologiczne produkty Rubio Monocoat:<\/p>\n<ul>\n<li>RMC Universal Maintenance Oil do od\u015bwie\u017cania powierzchni zabezpieczonych olejem,<\/li>\n<li>RMC Surface Care, gotowy do u\u017cycia \u015brodek czyszcz\u0105cy,<\/li>\n<li>RMC Refresh Eco, spray do od\u015bwie\u017cania dowolnych powierzchni drewnianych zabezpieczonych olejem RMC,<\/li>\n<\/ul>\n<p>a tak\u017ce papier \u015bcierny oraz instrukcj\u0119 piel\u0119gnacji, kt\u00f3ra podpowie, co trzeba zrobi\u0107.<\/p>\n<p>Je\u015bli potrzebujesz dodatkowych informacji na temat piel\u0119gnacji naszych produkt\u00f3w (lub innych drewnianych ulubie\u0144c\u00f3w), napisz do nas na team@tulas.eu.<\/p>\n<p><!--more--><\/p>\n<p><span data-sheets-value=\"{\"1\":2,\"2\":\"A 60 ml jar of Kreidezeit Safflower Oil, a cotton cloth, a piece of sandpaper\"}\" data-sheets-userformat=\"{\"2\":15105,\"3\":{\"1\":0},\"11\":4,\"12\":0,\"14\":{\"1\":3,\"3\":1},\"15\":\"Arial\",\"16\":12}\">Rubio Monocoat Universal Maintenance Oil 100 ml<\/span><br \/>\n<span data-sheets-value=\"{\"1\":2,\"2\":\"A 60 ml jar of Kreidezeit Safflower Oil, a cotton cloth, a piece of sandpaper\"}\" data-sheets-userformat=\"{\"2\":15105,\"3\":{\"1\":0},\"11\":4,\"12\":0,\"14\":{\"1\":3,\"3\":1},\"15\":\"Arial\",\"16\":12}\">Spray Rubio Monocoat Surface Care 750 ml<\/span><br \/>\nSpray Rubio Monocoat Refresh Eco 500 ml<br \/>\n<span data-sheets-value=\"{\"1\":2,\"2\":\"A 60 ml jar of Kreidezeit Safflower Oil, a cotton cloth, a piece of sandpaper\"}\" data-sheets-userformat=\"{\"2\":15105,\"3\":{\"1\":0},\"11\":4,\"12\":0,\"14\":{\"1\":3,\"3\":1},\"15\":\"Arial\",\"16\":12}\">papier \u015bcierny<\/span><br \/>\n<span data-sheets-value=\"{\"1\":2,\"2\":\"A 60 ml jar of Kreidezeit Safflower Oil, a cotton cloth, a piece of sandpaper\"}\" data-sheets-userformat=\"{\"2\":15105,\"3\":{\"1\":0},\"11\":4,\"12\":0,\"14\":{\"1\":3,\"3\":1},\"15\":\"Arial\",\"16\":12}\">instrukcja piel\u0119gnacji<\/span><\/p>\n","protected":false},"excerpt":{"rendered":"<p>Nadszed\u0142 czas, aby zadba\u0107 o rzeczy, kt\u00f3re kochamy! A my kochamy drewno i chcemy cieszy\u0107 si\u0119 jego pi\u0119knem z szacunkiem i rozwag\u0105. Naprawa i renowacja to istotna cz\u0119\u015b\u0107 tego podej\u015bcia. Dlatego przygotowali\u015bmy zestaw do piel\u0119gnacji, kt\u00f3ry pozwoli ci od\u015bwie\u017cy\u0107 i od\u017cywi\u0107 twoje drewniane blaty. Zestaw zawiera trzy ekologiczne produkty Rubio Monocoat: RMC Universal Maintenance Oil [&hellip;]<\/p>\n","protected":false},"featured_media":2151,"template":"","meta":[],"product_cat":[92],"product_tag":[93],"class_list":["post-6102","product","type-product","status-publish","has-post-thumbnail","hentry","product_cat-zestawy-do-pielegnacji","product_tag-zestaw-do-pielegnacji"],"_links":{"self":[{"href":"https:\/\/tulas.eu\/pl\/wp-json\/wp\/v2\/product\/6102","targetHints":{"allow":["GET"]}}],"collection":[{"href":"https:\/\/tulas.eu\/pl\/wp-json\/wp\/v2\/product"}],"about":[{"href":"https:\/\/tulas.eu\/pl\/wp-json\/wp\/v2\/types\/product"}],"wp:featuredmedia":[{"embeddable":true,"href":"https:\/\/tulas.eu\/pl\/wp-json\/wp\/v2\/media\/2151"}],"wp:attachment":[{"href":"https:\/\/tulas.eu\/pl\/wp-json\/wp\/v2\/media?parent=6102"}],"wp:term":[{"taxonomy":"product_cat","embeddable":true,"href":"https:\/\/tulas.eu\/pl\/wp-json\/wp\/v2\/product_cat?post=6102"},{"taxonomy":"product_tag","embeddable":true,"href":"https:\/\/tulas.eu\/pl\/wp-json\/wp\/v2\/product_tag?post=6102"}],"curies":[{"name":"wp","href":"https:\/\/api.w.org\/{rel}","templated":true}]}}