{"id":6103,"date":"2022-12-07T12:43:40","date_gmt":"2023-12-20T10:03:52","guid":{"rendered":"https:\/\/tulas.eu\/product\/poradnik-pielegnacji\/"},"modified":"2023-12-20T11:03:52","modified_gmt":"2023-12-20T10:03:52","slug":"poradnik-pielegnacja-drewna","status":"publish","type":"product","link":"https:\/\/tulas.eu\/pl\/produkt\/poradnik-pielegnacja-drewna\/","title":{"rendered":"PORADNIK PIEL\u0118GNACJI"},"content":{"rendered":"<p>Darmowy poradnik o piel\u0119gnacji drewna w formacie PDF + wideo instrukta\u017cowe, dzi\u0119ki kt\u00f3rym zadbasz o swoje drewniane p\u00f3\u0142ki, stojaki, blaty itd.<\/p>\n","protected":false},"excerpt":{"rendered":"<p>Darmowy poradnik o piel\u0119gnacji drewna w formacie PDF + wideo instrukta\u017cowe, dzi\u0119ki kt\u00f3rym zadbasz o swoje drewniane p\u00f3\u0142ki, stojaki, blaty itd.<\/p>\n","protected":false},"featured_media":0,"template":"","meta":[],"product_cat":[82],"product_tag":[83],"class_list":["post-6103","product","type-product","status-publish","hentry","product_cat-care-kits","product_tag-manual"],"_links":{"self":[{"href":"https:\/\/tulas.eu\/pl\/wp-json\/wp\/v2\/product\/6103","targetHints":{"allow":["GET"]}}],"collection":[{"href":"https:\/\/tulas.eu\/pl\/wp-json\/wp\/v2\/product"}],"about":[{"href":"https:\/\/tulas.eu\/pl\/wp-json\/wp\/v2\/types\/product"}],"wp:attachment":[{"href":"https:\/\/tulas.eu\/pl\/wp-json\/wp\/v2\/media?parent=6103"}],"wp:term":[{"taxonomy":"product_cat","embeddable":true,"href":"https:\/\/tulas.eu\/pl\/wp-json\/wp\/v2\/product_cat?post=6103"},{"taxonomy":"product_tag","embeddable":true,"href":"https:\/\/tulas.eu\/pl\/wp-json\/wp\/v2\/product_tag?post=6103"}],"curies":[{"name":"wp","href":"https:\/\/api.w.org\/{rel}","templated":true}]}}